{"id":653,"date":"2018-10-21T20:19:32","date_gmt":"2018-10-21T20:19:32","guid":{"rendered":"http:\/\/cmaquality.com\/OCT-18\/?page_id=653"},"modified":"2022-08-28T17:56:27","modified_gmt":"2022-08-28T17:56:27","slug":"as9100-9110-9120","status":"publish","type":"page","link":"https:\/\/www.cmaquality.com\/es\/as9100-9110-9120\/","title":{"rendered":"AS9100\/9110\/9120"},"content":{"rendered":"<div data-elementor-type=\"wp-page\" data-elementor-id=\"653\" class=\"elementor elementor-653\">\n\t\t\t\t\t\t\t\t\t<section class=\"elementor-section elementor-top-section elementor-element elementor-element-b815efe elementor-section-boxed elementor-section-height-default elementor-section-height-default\" data-id=\"b815efe\" data-element_type=\"section\">\n\t\t\t\t\t\t<div class=\"elementor-container elementor-column-gap-default\">\n\t\t\t\t\t<div class=\"elementor-column elementor-col-25 elementor-top-column elementor-element elementor-element-df3b940\" data-id=\"df3b940\" data-element_type=\"column\">\n\t\t\t<div class=\"elementor-widget-wrap\">\n\t\t\t\t\t\t\t\t\t<\/div>\n\t\t<\/div>\n\t\t\t\t<div class=\"elementor-column elementor-col-25 elementor-top-column elementor-element elementor-element-6e339ee\" data-id=\"6e339ee\" data-element_type=\"column\">\n\t\t\t<div class=\"elementor-widget-wrap elementor-element-populated\">\n\t\t\t\t\t\t\t\t<div class=\"elementor-element elementor-element-83fb7a5 elementor-widget elementor-widget-alert\" data-id=\"83fb7a5\" data-element_type=\"widget\" data-widget_type=\"alert.default\">\n\t\t\t\t<div class=\"elementor-widget-container\">\n\t\t\t<style>\/*! elementor - v3.15.0 - 20-08-2023 *\/\n.elementor-alert{padding:15px;border-left:5px solid transparent;position:relative;text-align:left}.elementor-alert .elementor-alert-title{display:block;font-weight:700}.elementor-alert .elementor-alert-description{font-size:13px}.elementor-alert button.elementor-alert-dismiss{position:absolute;right:var(--dismiss-icon-horizontal-position,10px);top:var(--dismiss-icon-vertical-position,10px);padding:3px;font-size:var(--dismiss-icon-size,20px);line-height:1;background:transparent;color:var(--dismiss-icon-normal-color,inherit);border:none;cursor:pointer;transition-duration:var(--dismiss-icon-hover-transition-duration,.3s)}.elementor-alert button.elementor-alert-dismiss:hover{color:var(--dismiss-icon-hover-color,inherit)}.elementor-alert button.elementor-alert-dismiss svg{width:var(--dismiss-icon-size,20px);height:var(--dismiss-icon-size,20px);fill:var(--dismiss-icon-normal-color,currentColor);transition-duration:var(--dismiss-icon-hover-transition-duration,.3s)}.elementor-alert button.elementor-alert-dismiss svg:hover{fill:var(--dismiss-icon-hover-color,currentColor)}.elementor-alert.elementor-alert-info{color:#31708f;background-color:#d9edf7;border-color:#bcdff1}.elementor-alert.elementor-alert-success{color:#3c763d;background-color:#dff0d8;border-color:#cae6be}.elementor-alert.elementor-alert-warning{color:#8a6d3b;background-color:#fcf8e3;border-color:#f9f0c3}.elementor-alert.elementor-alert-danger{color:#a94442;background-color:#f2dede;border-color:#e8c4c4}@media (max-width:767px){.elementor-alert{padding:10px}.elementor-alert button.elementor-alert-dismiss{right:7px;top:7px}}<\/style>\t\t<div class=\"elementor-alert elementor-alert-info\" role=\"alert\">\n\t\t\t<span class=\"elementor-alert-title\">Obtenga la certificaci\u00f3n en el curso de capacitaci\u00f3n de AS9100D Lead Auditor<\/span>\n\t\t\t\t\t\t\t\t<\/div>\n\t\t\t\t<\/div>\n\t\t\t\t<\/div>\n\t\t\t\t\t<\/div>\n\t\t<\/div>\n\t\t\t\t<div class=\"elementor-column elementor-col-25 elementor-top-column elementor-element elementor-element-3927c7a\" data-id=\"3927c7a\" data-element_type=\"column\">\n\t\t\t<div class=\"elementor-widget-wrap elementor-element-populated\">\n\t\t\t\t\t\t\t\t<div class=\"elementor-element elementor-element-eee1f8f elementor-button-info elementor-align-center elementor-widget elementor-widget-button\" data-id=\"eee1f8f\" data-element_type=\"widget\" data-widget_type=\"button.default\">\n\t\t\t\t<div class=\"elementor-widget-container\">\n\t\t\t\t\t<div class=\"elementor-button-wrapper\">\n\t\t\t<a class=\"elementor-button elementor-button-link elementor-size-xl\" href=\"https:\/\/webinar.cmaquality.com\/courses\/iso-90012015-quality-management-system\/\">\n\t\t\t\t\t\t<span class=\"elementor-button-content-wrapper\">\n\t\t\t\t\t\t<span class=\"elementor-button-text\">Haz click aqu\u00ed<\/span>\n\t\t<\/span>\n\t\t\t\t\t<\/a>\n\t\t<\/div>\n\t\t\t\t<\/div>\n\t\t\t\t<\/div>\n\t\t\t\t\t<\/div>\n\t\t<\/div>\n\t\t\t\t<div class=\"elementor-column elementor-col-25 elementor-top-column elementor-element elementor-element-c1c0a79\" data-id=\"c1c0a79\" data-element_type=\"column\">\n\t\t\t<div class=\"elementor-widget-wrap\">\n\t\t\t\t\t\t\t\t\t<\/div>\n\t\t<\/div>\n\t\t\t\t\t\t\t<\/div>\n\t\t<\/section>\n\t\t\t\t<section class=\"elementor-section elementor-top-section elementor-element elementor-element-0b6bf46 elementor-section-boxed elementor-section-height-default elementor-section-height-default\" data-id=\"0b6bf46\" data-element_type=\"section\">\n\t\t\t\t\t\t<div class=\"elementor-container elementor-column-gap-default\">\n\t\t\t\t\t<div class=\"elementor-column elementor-col-100 elementor-top-column elementor-element elementor-element-9e73bae\" data-id=\"9e73bae\" data-element_type=\"column\">\n\t\t\t<div class=\"elementor-widget-wrap elementor-element-populated\">\n\t\t\t\t\t\t\t\t<div class=\"elementor-element elementor-element-3537c20 elementor-widget elementor-widget-heading\" data-id=\"3537c20\" data-element_type=\"widget\" data-widget_type=\"heading.default\">\n\t\t\t\t<div class=\"elementor-widget-container\">\n\t\t\t<style>\/*! elementor - v3.15.0 - 20-08-2023 *\/\n.elementor-heading-title{padding:0;margin:0;line-height:1}.elementor-widget-heading .elementor-heading-title[class*=elementor-size-]>a{color:inherit;font-size:inherit;line-height:inherit}.elementor-widget-heading .elementor-heading-title.elementor-size-small{font-size:15px}.elementor-widget-heading .elementor-heading-title.elementor-size-medium{font-size:19px}.elementor-widget-heading .elementor-heading-title.elementor-size-large{font-size:29px}.elementor-widget-heading .elementor-heading-title.elementor-size-xl{font-size:39px}.elementor-widget-heading .elementor-heading-title.elementor-size-xxl{font-size:59px}<\/style><h1 class=\"elementor-heading-title elementor-size-default\">AS9100\/9110\/9120<\/h1>\t\t<\/div>\n\t\t\t\t<\/div>\n\t\t\t\t\t<\/div>\n\t\t<\/div>\n\t\t\t\t\t\t\t<\/div>\n\t\t<\/section>\n\t\t\t\t<section class=\"elementor-section elementor-top-section elementor-element elementor-element-99d4b5e elementor-section-boxed elementor-section-height-default elementor-section-height-default\" data-id=\"99d4b5e\" data-element_type=\"section\">\n\t\t\t\t\t\t<div class=\"elementor-container elementor-column-gap-default\">\n\t\t\t\t\t<div class=\"elementor-column elementor-col-33 elementor-top-column elementor-element elementor-element-07f7f4b\" data-id=\"07f7f4b\" data-element_type=\"column\">\n\t\t\t<div class=\"elementor-widget-wrap elementor-element-populated\">\n\t\t\t\t\t\t\t\t<div class=\"elementor-element elementor-element-a6d94a2 elementor-invisible elementor-widget elementor-widget-image\" data-id=\"a6d94a2\" data-element_type=\"widget\" data-settings=\"{&quot;_animation&quot;:&quot;fadeIn&quot;}\" data-widget_type=\"image.default\">\n\t\t\t\t<div class=\"elementor-widget-container\">\n\t\t\t<style>\/*! elementor - v3.15.0 - 20-08-2023 *\/\n.elementor-widget-image{text-align:center}.elementor-widget-image a{display:inline-block}.elementor-widget-image a img[src$=\".svg\"]{width:48px}.elementor-widget-image img{vertical-align:middle;display:inline-block}<\/style>\t\t\t\t\t\t\t\t\t\t\t\t<img loading=\"lazy\" decoding=\"async\" width=\"422\" height=\"281\" src=\"https:\/\/www.cmaquality.com\/wp-content\/uploads\/2018\/10\/Airplane-e1540148864559.jpg\" class=\"attachment-large size-large wp-image-602\" alt=\"\" srcset=\"https:\/\/www.cmaquality.com\/wp-content\/uploads\/2018\/10\/Airplane-e1540148864559.jpg 422w, https:\/\/www.cmaquality.com\/wp-content\/uploads\/2018\/10\/Airplane-e1540148864559-300x200.jpg 300w\" sizes=\"auto, (max-width: 422px) 100vw, 422px\" \/>\t\t\t\t\t\t\t\t\t\t\t\t\t\t\t<\/div>\n\t\t\t\t<\/div>\n\t\t\t\t\t<\/div>\n\t\t<\/div>\n\t\t\t\t<div class=\"elementor-column elementor-col-66 elementor-top-column elementor-element elementor-element-4bd4676\" data-id=\"4bd4676\" data-element_type=\"column\">\n\t\t\t<div class=\"elementor-widget-wrap elementor-element-populated\">\n\t\t\t\t\t\t\t\t<div class=\"elementor-element elementor-element-dc20d79 elementor-invisible elementor-widget elementor-widget-text-editor\" data-id=\"dc20d79\" data-element_type=\"widget\" data-settings=\"{&quot;_animation&quot;:&quot;fadeInRight&quot;}\" data-widget_type=\"text-editor.default\">\n\t\t\t\t<div class=\"elementor-widget-container\">\n\t\t\t<style>\/*! elementor - v3.15.0 - 20-08-2023 *\/\n.elementor-widget-text-editor.elementor-drop-cap-view-stacked .elementor-drop-cap{background-color:#69727d;color:#fff}.elementor-widget-text-editor.elementor-drop-cap-view-framed .elementor-drop-cap{color:#69727d;border:3px solid;background-color:transparent}.elementor-widget-text-editor:not(.elementor-drop-cap-view-default) .elementor-drop-cap{margin-top:8px}.elementor-widget-text-editor:not(.elementor-drop-cap-view-default) .elementor-drop-cap-letter{width:1em;height:1em}.elementor-widget-text-editor .elementor-drop-cap{float:left;text-align:center;line-height:1;font-size:50px}.elementor-widget-text-editor .elementor-drop-cap-letter{display:inline-block}<\/style>\t\t\t\t<div class=\"wp-block-columns\">\n<div class=\"wp-block-column\" style=\"flex-basis: 100%;\">\n<p><strong>AS 9100: 2016 - Sistema de gesti\u00f3n de calidad de aviaci\u00f3n, espacio, defensa (ASD)<br \/><br \/><\/strong><strong>AS 9110:2016 \u2013 Requisitos ASD para Organizaciones de Mantenimiento de Aviaci\u00f3n<br \/><br \/><\/strong><strong>AS9120:2016 \u2013 Requisitos ASD para Distribuidores<br \/><br \/><\/strong>Si su empresa est\u00e1 en la cadena de suministro aeroespacial, necesita uno de estos est\u00e1ndares. CMA Quality International tiene experiencia directa en la industria aeroespacial.<\/p>\n<\/div>\n<\/div>\t\t\t\t\t\t<\/div>\n\t\t\t\t<\/div>\n\t\t\t\t\t<\/div>\n\t\t<\/div>\n\t\t\t\t\t\t\t<\/div>\n\t\t<\/section>\n\t\t\t\t<section class=\"elementor-section elementor-top-section elementor-element elementor-element-355a9c94 elementor-section-boxed elementor-section-height-default elementor-section-height-default\" data-id=\"355a9c94\" data-element_type=\"section\">\n\t\t\t\t\t\t<div class=\"elementor-container elementor-column-gap-default\">\n\t\t\t\t\t<div class=\"elementor-column elementor-col-100 elementor-top-column elementor-element elementor-element-7a4570a5 elementor-invisible\" data-id=\"7a4570a5\" data-element_type=\"column\" data-settings=\"{&quot;animation&quot;:&quot;fadeInRight&quot;,&quot;animation_delay&quot;:500}\">\n\t\t\t<div class=\"elementor-widget-wrap elementor-element-populated\">\n\t\t\t\t\t\t\t\t<div class=\"elementor-element elementor-element-7be0e935 elementor-widget elementor-widget-text-editor\" data-id=\"7be0e935\" data-element_type=\"widget\" data-widget_type=\"text-editor.default\">\n\t\t\t\t<div class=\"elementor-widget-container\">\n\t\t\t\t\t\t\t<p><!-- wp:columns --><\/p>\n<div class=\"wp-block-columns\">\n<div class=\"wp-block-column\" style=\"flex-basis: 100%;\"><em>\u00a1 Perm\u00edtanos ayudarlo a certificar su sistema!<\/em><\/div>\n<\/div>\n<p><!-- \/wp:paragraph --><\/p>\n<p><strong>Informaci\u00f3n aeroespacial espec\u00edfica:<\/strong><\/p>\n<p>Las industrias de aviaci\u00f3n, espacio y defensa est\u00e1n altamente reguladas y el cumplimiento de los est\u00e1ndares del Sistema de gesti\u00f3n de calidad (QMS), como AS9100\/AS910 y AS9120, es un paso obligatorio que debe completarse para ser considerado un proveedor calificado.<\/p>\n<p>Su certificaci\u00f3n AQMS para AS9100, AS9110 o AS9120 le brinda las credenciales necesarias para buscar oportunidades comerciales, a nivel nacional e internacional.<\/p>\n<p>La dedicaci\u00f3n de CMA Quality International a sus clientes, la capacidad de respuesta y los servicios de certificaci\u00f3n a tiempo brindan el apoyo que su organizaci\u00f3n necesita para competir de manera efectiva y eficiente en el mercado aeroespacial global.<\/p>\n<p>\u2022 Los auditores de CMA Quality International brindan a nuestros clientes las herramientas para minimizar el riesgo comercial y abordar las necesidades del negocio, al entregar informes de auditor\u00eda beneficiosos enfocados en la efectividad comercial. Su organizaci\u00f3n obtendr\u00e1 mejoras medibles que respaldan su estrategia y objetivos comerciales.<\/p>\n<p>\u2022 CMA Quality International es un participante activo en los eventos y reuniones del Grupo Internacional de Calidad Aeroespacial (IAQG), manteni\u00e9ndose al d\u00eda con los cambios en nuestra industria y compartiendo toda la informaci\u00f3n de los pr\u00f3ximos desarrollos con cada uno de nuestros clientes.<\/p>\n<p>AS9100, AS9110 y AS9120 son est\u00e1ndares internacionales espec\u00edficos para la industria de la aviaci\u00f3n, el espacio y la defensa. ISO 9001 es el sistema de gesti\u00f3n de calidad en el que se basa AS9100. Todos los est\u00e1ndares actuales son ISO 9001:2015, AS9100:2016, AS9110:2016, AS9120:2016<\/p>\n<p>O completa el <span style=\"color: #3366ff;\"><a style=\"color: #3366ff;\" href=\"https:\/\/www.cmaquality.com\/es\/quotes-and-transfers\/\">Formulario de Cotizaciones y Transferencias<\/a><\/span><br \/><!-- \/wp:shortcode --><\/p>\t\t\t\t\t\t<\/div>\n\t\t\t\t<\/div>\n\t\t\t\t\t<\/div>\n\t\t<\/div>\n\t\t\t\t\t\t\t<\/div>\n\t\t<\/section>\n\t\t\t\t\t\t\t<\/div>","protected":false},"excerpt":{"rendered":"<p>Get certified in AS9100D Lead Auditor Training Course Click here AS9100\/9110\/9120 AS 9100:2016 \u2013 Aviation, Space, Defense (ASD) Quality Management System AS 9110:2016 \u2013 ASD requirements for Aviation Maintenance Organizations AS9120:2016 \u2013 ASD requirements for Distributors If your company is in the aerospace supply chain, you need one of these standards. CMA Quality International has [&hellip;]<\/p>","protected":false},"author":1,"featured_media":0,"parent":0,"menu_order":0,"comment_status":"closed","ping_status":"closed","template":"","meta":{"footnotes":""},"class_list":["post-653","page","type-page","status-publish","hentry","entry"],"_links":{"self":[{"href":"https:\/\/www.cmaquality.com\/es\/wp-json\/wp\/v2\/pages\/653","targetHints":{"allow":["GET"]}}],"collection":[{"href":"https:\/\/www.cmaquality.com\/es\/wp-json\/wp\/v2\/pages"}],"about":[{"href":"https:\/\/www.cmaquality.com\/es\/wp-json\/wp\/v2\/types\/page"}],"author":[{"embeddable":true,"href":"https:\/\/www.cmaquality.com\/es\/wp-json\/wp\/v2\/users\/1"}],"replies":[{"embeddable":true,"href":"https:\/\/www.cmaquality.com\/es\/wp-json\/wp\/v2\/comments?post=653"}],"version-history":[{"count":12,"href":"https:\/\/www.cmaquality.com\/es\/wp-json\/wp\/v2\/pages\/653\/revisions"}],"predecessor-version":[{"id":1340,"href":"https:\/\/www.cmaquality.com\/es\/wp-json\/wp\/v2\/pages\/653\/revisions\/1340"}],"wp:attachment":[{"href":"https:\/\/www.cmaquality.com\/es\/wp-json\/wp\/v2\/media?parent=653"}],"curies":[{"name":"wp","href":"https:\/\/api.w.org\/{rel}","templated":true}]}}