{"id":369,"date":"2016-12-13T15:42:18","date_gmt":"2016-12-13T15:42:18","guid":{"rendered":"http:\/\/cmaquality.com\/OCT-18\/?page_id=369"},"modified":"2016-12-13T15:42:18","modified_gmt":"2016-12-13T15:42:18","slug":"as9100as9110as9120","status":"publish","type":"page","link":"https:\/\/www.cmaquality.com\/es\/as9100as9110as9120\/","title":{"rendered":"AS9100\/AS9110\/AS9120"},"content":{"rendered":"<p>[vc_row height=&#8221;auto&#8221;][vc_column][us_separator size=&#8221;small&#8221;][\/vc_column][\/vc_row][vc_row height=&#8221;auto&#8221;][vc_column][vc_column_text]<\/p>\n<h2 style=\"text-align: center;\">CMA Quality International is accredited by ANAB to provide certification services according to AS9100, AS9110 and AS9120<\/h2>\n<p>[\/vc_column_text][\/vc_column][\/vc_row][vc_row height=&#8221;auto&#8221;][vc_column][\/vc_column][\/vc_row][vc_row][vc_column][vc_column_text]Aviation, space, and defense industries are highly-regulated and compliance with Quality Management System (QMS) Standards, like AS9100\/AS910 &amp; AS9120 is a mandatory step that must be completed in order to be considered as a qualified supplier.<\/p>\n<p>Su certificaci\u00f3n AQMS para AS9100, AS9110 o AS9120 le brinda las credenciales necesarias para buscar oportunidades comerciales, a nivel nacional e internacional.<\/p>\n<p>La dedicaci\u00f3n de CMA Quality International a sus clientes, la capacidad de respuesta y los servicios de certificaci\u00f3n a tiempo brindan el apoyo que su organizaci\u00f3n necesita para competir de manera efectiva y eficiente en el mercado aeroespacial global.<\/p>\n<p>CMA Quality International offers many benefits to Aerospace manufacturers, distributors, and service providers around the world, such as:<\/p>\n<p>\u2022 CMA Quality International provides certification services, second party auditing, training for all various topics in the aerospace, to all of our clients, domestically and internationally. We have local auditor resources able to cover North America (Canada, USD and Mexico), Europe, Middle East and China.<\/p>\n<p>\u2022 Los auditores de CMA Quality International brindan a nuestros clientes las herramientas para minimizar el riesgo comercial y abordar las necesidades del negocio, al entregar informes de auditor\u00eda beneficiosos enfocados en la efectividad comercial. Su organizaci\u00f3n obtendr\u00e1 mejoras medibles que respaldan su estrategia y objetivos comerciales.<\/p>\n<p>\u2022 CMA Quality International es un participante activo en los eventos y reuniones del Grupo Internacional de Calidad Aeroespacial (IAQG), manteni\u00e9ndose al d\u00eda con los cambios en nuestra industria y compartiendo toda la informaci\u00f3n de los pr\u00f3ximos desarrollos con cada uno de nuestros clientes.<\/p>\n<p>AS9100, AS9110 and AS9120 are specific international standards for the Aviation, Space and Defense Industry. ISO 9001 is the quality management system on which AS9100 is based. ISO 9001 was changed to ISO 9001:2015 and, based on that, all AS 91XX were upgraded accordingly.<\/p>\n<p>Actually all three Standards were upgraded to a highest Revision in 2016 based on the ISO 9001:2015 plus additional Aviation, Space and Defense Industry requirements.<\/p>\n<p>* All organizations currently certified to AS9100\/9110\/9120 will be required to successfully transition to the new versions by September 14, 2018.<\/p>\n<p>* Furthermore, all audits conducted after June 15, 2017 will be to the 2016 version of these standards.<\/p>\n<p>CMA Quality International issued a process for clients\u2019 transition to the new revision of the standard.<\/p>\n<p>Clients are required to complete a <strong><em><a href=\"http:\/\/cmaquality.com\/wp-content\/uploads\/2016\/12\/ASF-04-Client-Readiness-Transition-Plan-R1.pdf\" target=\"_blank\" rel=\"noopener\">Readiness Review declaration and submitted<\/a><\/em><\/strong> to CMA.<\/p>\n<p>CMA will monitor transition progress for each organization under CMA certification.<\/p>\n<p>For Initial certification, transfer and transition, please complete the questionnaire on <strong><em><a href=\"https:\/\/www.cmaquality.com\/es\/quotes-and-transfers\/\">Quotes and Transfers<\/a><\/em><\/strong><\/p>\n<p>For additional information, please contact <strong><em><a href=\"mailto:enquires@cmaquality.com\">CMA Quality International<\/a><\/em><\/strong>[\/vc_column_text][\/vc_column][\/vc_row][vc_row height=&#8221;auto&#8221;][vc_column width=&#8221;1\/2&#8243;][us_single_image image=&#8221;483&#8243;][\/vc_column][vc_column width=&#8221;1\/2&#8243;][vc_row_inner][vc_column_inner width=&#8221;1\/4&#8243;][vc_custom_heading text=&#8221;1\u00ba&#8221; font_container=&#8221;tag:h2|text_align:center|color:%23ffffff&#8221; google_fonts=&#8221;font_family:Istok%20Web%3Aregular%2Citalic%2C700%2C700italic|font_style:700%20bold%20regular%3A700%3Anormal&#8221; css=&#8221;.vc_custom_1464199610971{background-color: #1e73be !important;border-radius: 2px !important;}&#8221;][\/vc_column_inner][vc_column_inner width=&#8221;3\/4&#8243;][vc_column_text]<strong><em><a href=\"http:\/\/cmaquality.com\/wp-content\/uploads\/2016\/12\/2016-Dec.-ANAB-Certificat-AS-full.pdf\" target=\"_blank\" rel=\"noopener\">CMA AS accreditation for AS 91XX and Rev.D\/2016<\/a><\/em><\/strong>[\/vc_column_text][\/vc_column_inner][\/vc_row_inner][vc_row_inner][vc_column_inner width=&#8221;1\/4&#8243;][vc_custom_heading text=&#8221;2\u00ba&#8221; font_container=&#8221;tag:h2|text_align:center|color:%23ffffff&#8221; google_fonts=&#8221;font_family:Istok%20Web%3Aregular%2Citalic%2C700%2C700italic|font_style:700%20bold%20regular%3A700%3Anormal&#8221; css=&#8221;.vc_custom_1464199752689{background-color: #1e73be !important;border-radius: 2px !important;}&#8221;][\/vc_column_inner][vc_column_inner width=&#8221;3\/4&#8243;][vc_column_text]<strong><em><a href=\"http:\/\/cmaquality.com\/wp-content\/uploads\/2016\/12\/KP-7A.pdf\" target=\"_blank\" rel=\"noopener\">Inform on the certification process<\/a><\/em><\/strong>[\/vc_column_text][\/vc_column_inner][\/vc_row_inner][vc_row_inner][vc_column_inner width=&#8221;1\/4&#8243;][vc_custom_heading text=&#8221;3\u00ba&#8221; font_container=&#8221;tag:h2|text_align:center|color:%23ffffff&#8221; google_fonts=&#8221;font_family:Istok%20Web%3Aregular%2Citalic%2C700%2C700italic|font_style:700%20bold%20regular%3A700%3Anormal&#8221; css=&#8221;.vc_custom_1464200141696{background-color: #1e73be !important;border-radius: 2px !important;}&#8221;][\/vc_column_inner][vc_column_inner width=&#8221;3\/4&#8243;][vc_column_text]<strong><em><a href=\"http:\/\/cmaquality.com\/wp-content\/uploads\/2016\/12\/hu350_2.pdf\" target=\"_blank\" rel=\"noopener\">Transition to the new revisions is detailed in the SR-003 and ANAB HU 350.<\/a><\/em><\/strong>[\/vc_column_text][\/vc_column_inner][\/vc_row_inner][\/vc_column][\/vc_row][vc_row height=&#8221;small&#8221;][vc_column][us_separator type=&#8221;invisible&#8221; size=&#8221;small&#8221;][\/vc_column][\/vc_row]<\/p>","protected":false},"excerpt":{"rendered":"<p>[vc_row height=&#8221;auto&#8221;][vc_column][us_separator size=&#8221;small&#8221;][\/vc_column][\/vc_row][vc_row height=&#8221;auto&#8221;][vc_column][vc_column_text] CMA Quality International is accredited by ANAB to provide certification services according to AS9100, AS9110 and AS9120 [\/vc_column_text][\/vc_column][\/vc_row][vc_row height=&#8221;auto&#8221;][vc_column][\/vc_column][\/vc_row][vc_row][vc_column][vc_column_text]Aviation, space, and defense industries are highly-regulated and compliance with Quality Management System (QMS) Standards, like AS9100\/AS910 &amp; AS9120 is a mandatory step that must be completed in order to be considered as [&hellip;]<\/p>","protected":false},"author":1,"featured_media":0,"parent":0,"menu_order":0,"comment_status":"closed","ping_status":"closed","template":"","meta":{"footnotes":""},"class_list":["post-369","page","type-page","status-publish","hentry","entry"],"_links":{"self":[{"href":"https:\/\/www.cmaquality.com\/es\/wp-json\/wp\/v2\/pages\/369","targetHints":{"allow":["GET"]}}],"collection":[{"href":"https:\/\/www.cmaquality.com\/es\/wp-json\/wp\/v2\/pages"}],"about":[{"href":"https:\/\/www.cmaquality.com\/es\/wp-json\/wp\/v2\/types\/page"}],"author":[{"embeddable":true,"href":"https:\/\/www.cmaquality.com\/es\/wp-json\/wp\/v2\/users\/1"}],"replies":[{"embeddable":true,"href":"https:\/\/www.cmaquality.com\/es\/wp-json\/wp\/v2\/comments?post=369"}],"version-history":[{"count":0,"href":"https:\/\/www.cmaquality.com\/es\/wp-json\/wp\/v2\/pages\/369\/revisions"}],"wp:attachment":[{"href":"https:\/\/www.cmaquality.com\/es\/wp-json\/wp\/v2\/media?parent=369"}],"curies":[{"name":"wp","href":"https:\/\/api.w.org\/{rel}","templated":true}]}}