{"id":143,"date":"2016-05-25T21:25:27","date_gmt":"2016-05-25T21:25:27","guid":{"rendered":"http:\/\/cmaquality.com\/OCT-18\/new\/?page_id=143"},"modified":"2022-08-28T18:02:30","modified_gmt":"2022-08-28T18:02:30","slug":"quotes-and-transfers","status":"publish","type":"page","link":"https:\/\/www.cmaquality.com\/es\/quotes-and-transfers\/","title":{"rendered":"Cotizaciones y Transferencias"},"content":{"rendered":"<div data-elementor-type=\"wp-page\" data-elementor-id=\"143\" class=\"elementor elementor-143\">\n\t\t\t\t\t\t\t\t\t<section class=\"elementor-section elementor-top-section elementor-element elementor-element-18923ed elementor-section-boxed elementor-section-height-default elementor-section-height-default\" data-id=\"18923ed\" data-element_type=\"section\">\n\t\t\t\t\t\t<div class=\"elementor-container elementor-column-gap-default\">\n\t\t\t\t\t<div class=\"elementor-column elementor-col-100 elementor-top-column elementor-element elementor-element-c4aefe3 elementor-invisible\" data-id=\"c4aefe3\" data-element_type=\"column\" data-settings=\"{&quot;animation&quot;:&quot;fadeIn&quot;}\">\n\t\t\t<div class=\"elementor-widget-wrap elementor-element-populated\">\n\t\t\t\t\t\t\t\t<div class=\"elementor-element elementor-element-c1d4869 elementor-widget elementor-widget-heading\" data-id=\"c1d4869\" data-element_type=\"widget\" data-widget_type=\"heading.default\">\n\t\t\t\t<div class=\"elementor-widget-container\">\n\t\t\t<style>\/*! elementor - v3.15.0 - 20-08-2023 *\/\n.elementor-heading-title{padding:0;margin:0;line-height:1}.elementor-widget-heading .elementor-heading-title[class*=elementor-size-]>a{color:inherit;font-size:inherit;line-height:inherit}.elementor-widget-heading .elementor-heading-title.elementor-size-small{font-size:15px}.elementor-widget-heading .elementor-heading-title.elementor-size-medium{font-size:19px}.elementor-widget-heading .elementor-heading-title.elementor-size-large{font-size:29px}.elementor-widget-heading .elementor-heading-title.elementor-size-xl{font-size:39px}.elementor-widget-heading .elementor-heading-title.elementor-size-xxl{font-size:59px}<\/style><h1 class=\"elementor-heading-title elementor-size-default\">Obtenga una cotizaci\u00f3n de CMA Quality International, \n\nexperimente nuestro servicio y deseo por ser su socio clave para la certificaci\u00f3n.<\/h1>\t\t<\/div>\n\t\t\t\t<\/div>\n\t\t\t\t\t<\/div>\n\t\t<\/div>\n\t\t\t\t\t\t\t<\/div>\n\t\t<\/section>\n\t\t\t\t<section class=\"elementor-section elementor-top-section elementor-element elementor-element-c6517d3 elementor-section-boxed elementor-section-height-default elementor-section-height-default\" data-id=\"c6517d3\" data-element_type=\"section\">\n\t\t\t\t\t\t<div class=\"elementor-container elementor-column-gap-default\">\n\t\t\t\t\t<div class=\"elementor-column elementor-col-100 elementor-top-column elementor-element elementor-element-e8a6f33 elementor-invisible\" data-id=\"e8a6f33\" data-element_type=\"column\" data-settings=\"{&quot;animation&quot;:&quot;fadeInRight&quot;,&quot;animation_delay&quot;:200}\">\n\t\t\t<div class=\"elementor-widget-wrap elementor-element-populated\">\n\t\t\t\t\t\t\t\t<div class=\"elementor-element elementor-element-d492a3f elementor-widget elementor-widget-heading\" data-id=\"d492a3f\" data-element_type=\"widget\" data-widget_type=\"heading.default\">\n\t\t\t\t<div class=\"elementor-widget-container\">\n\t\t\t<h2 class=\"elementor-heading-title elementor-size-default\">Si est\u00e1 considerando una transferencia, no busque m\u00e1s, \u00a1estamos aqu\u00ed para ayudarlo!<\/h2>\t\t<\/div>\n\t\t\t\t<\/div>\n\t\t\t\t<div class=\"elementor-element elementor-element-0e8242f elementor-widget elementor-widget-heading\" data-id=\"0e8242f\" data-element_type=\"widget\" data-widget_type=\"heading.default\">\n\t\t\t\t<div class=\"elementor-widget-container\">\n\t\t\t<h1 class=\"elementor-heading-title elementor-size-default\">Transfi\u00e9rase a CMA Quality International<\/h1>\t\t<\/div>\n\t\t\t\t<\/div>\n\t\t\t\t<div class=\"elementor-element elementor-element-067da84 elementor-widget elementor-widget-text-editor\" data-id=\"067da84\" data-element_type=\"widget\" data-widget_type=\"text-editor.default\">\n\t\t\t\t<div class=\"elementor-widget-container\">\n\t\t\t<style>\/*! elementor - v3.15.0 - 20-08-2023 *\/\n.elementor-widget-text-editor.elementor-drop-cap-view-stacked .elementor-drop-cap{background-color:#69727d;color:#fff}.elementor-widget-text-editor.elementor-drop-cap-view-framed .elementor-drop-cap{color:#69727d;border:3px solid;background-color:transparent}.elementor-widget-text-editor:not(.elementor-drop-cap-view-default) .elementor-drop-cap{margin-top:8px}.elementor-widget-text-editor:not(.elementor-drop-cap-view-default) .elementor-drop-cap-letter{width:1em;height:1em}.elementor-widget-text-editor .elementor-drop-cap{float:left;text-align:center;line-height:1;font-size:50px}.elementor-widget-text-editor .elementor-drop-cap-letter{display:inline-block}<\/style>\t\t\t\t<p>Si su organizaci\u00f3n est\u00e1 buscando un mejor servicio al cliente, auditores locales calificados o simplemente buscando obtener un mejor valor por sus pagos. En CMA creemos que nuestros clientes merecen un gran servicio y un valor excepcional. Eso significa que realizaremos auditor\u00edas de certificaci\u00f3n que ayudar\u00e1n a mejorar su organizaci\u00f3n y cumplir\u00e1n con los requisitos de la norma elegida. Eso tambi\u00e9n significa que queremos ser su socio clave en este proceso. Siempre seremos objetivos en nuestros procesos de certificaci\u00f3n.<\/p><p>Una vez que recibamos su solicitud, nos pondremos en contacto con usted para obtener la informaci\u00f3n requerida (si a\u00fan no la ha proporcionado) y luego recibir\u00e1 una cotizaci\u00f3n dentro de las 24 horas.<\/p><p>Despu\u00e9s de firmar el acuerdo de certificaci\u00f3n, CMA deber\u00e1 evaluar la transferencia en funci\u00f3n de los documentos y evidencias presentados.<\/p><p>Un representante de CMA se comunicar\u00e1 con usted para programar la actividad de auditor\u00eda adecuada. Por lo general, no se requiere tiempo de auditor\u00eda adicional y CMA continuar\u00e1 el ciclo de Certificaci\u00f3n seg\u00fan lo establecido con el OC anterior.<\/p><p><strong>No hay costo ni acciones adicionales para su organizaci\u00f3n al transferirse a CMA Quality International, \u00a1SOLAMENTE BENEFICIOS!<\/strong><\/p><p>Por favor\u00a0<a title=\"Contacto\" href=\"https:\/\/www.cmaquality.com\/es\/contact-us\/\">cont\u00e1ctenos<\/a>\u00a0con tu consulta.<\/p>\t\t\t\t\t\t<\/div>\n\t\t\t\t<\/div>\n\t\t\t\t\t<\/div>\n\t\t<\/div>\n\t\t\t\t\t\t\t<\/div>\n\t\t<\/section>\n\t\t\t\t\t\t\t<\/div>","protected":false},"excerpt":{"rendered":"<p>Get a Quote from CMA Quality International and experience our service and desire to be your key partner for certification. If you are considering a transfer, look no further, we are here to help! Transfer to CMA Quality International If your organization is looking for better customer service, local qualified auditors or simply looking to [&hellip;]<\/p>","protected":false},"author":1,"featured_media":0,"parent":0,"menu_order":0,"comment_status":"closed","ping_status":"closed","template":"","meta":{"footnotes":""},"class_list":["post-143","page","type-page","status-publish","hentry","entry"],"_links":{"self":[{"href":"https:\/\/www.cmaquality.com\/es\/wp-json\/wp\/v2\/pages\/143","targetHints":{"allow":["GET"]}}],"collection":[{"href":"https:\/\/www.cmaquality.com\/es\/wp-json\/wp\/v2\/pages"}],"about":[{"href":"https:\/\/www.cmaquality.com\/es\/wp-json\/wp\/v2\/types\/page"}],"author":[{"embeddable":true,"href":"https:\/\/www.cmaquality.com\/es\/wp-json\/wp\/v2\/users\/1"}],"replies":[{"embeddable":true,"href":"https:\/\/www.cmaquality.com\/es\/wp-json\/wp\/v2\/comments?post=143"}],"version-history":[{"count":15,"href":"https:\/\/www.cmaquality.com\/es\/wp-json\/wp\/v2\/pages\/143\/revisions"}],"predecessor-version":[{"id":1349,"href":"https:\/\/www.cmaquality.com\/es\/wp-json\/wp\/v2\/pages\/143\/revisions\/1349"}],"wp:attachment":[{"href":"https:\/\/www.cmaquality.com\/es\/wp-json\/wp\/v2\/media?parent=143"}],"curies":[{"name":"wp","href":"https:\/\/api.w.org\/{rel}","templated":true}]}}