{"id":737,"date":"2018-10-21T23:33:57","date_gmt":"2018-10-21T23:33:57","guid":{"rendered":"http:\/\/cmaquality.com\/OCT-18\/?page_id=737"},"modified":"2022-08-28T18:11:47","modified_gmt":"2022-08-28T18:11:47","slug":"complaints-appeals","status":"publish","type":"page","link":"http:\/\/www.cmaquality.com\/es\/complaints-appeals\/","title":{"rendered":"Quejas\/Apelaciones"},"content":{"rendered":"<div data-elementor-type=\"wp-page\" data-elementor-id=\"737\" class=\"elementor elementor-737\">\n\t\t\t\t\t\t\t\t\t<section class=\"elementor-section elementor-top-section elementor-element elementor-element-16c87bff elementor-section-boxed elementor-section-height-default elementor-section-height-default\" data-id=\"16c87bff\" data-element_type=\"section\">\n\t\t\t\t\t\t<div class=\"elementor-container elementor-column-gap-default\">\n\t\t\t\t\t<div class=\"elementor-column elementor-col-100 elementor-top-column elementor-element elementor-element-647a7037 elementor-invisible\" data-id=\"647a7037\" data-element_type=\"column\" data-settings=\"{&quot;animation&quot;:&quot;fadeInRight&quot;}\">\n\t\t\t<div class=\"elementor-widget-wrap elementor-element-populated\">\n\t\t\t\t\t\t\t\t<div class=\"elementor-element elementor-element-7947454e elementor-widget elementor-widget-text-editor\" data-id=\"7947454e\" data-element_type=\"widget\" data-widget_type=\"text-editor.default\">\n\t\t\t\t<div class=\"elementor-widget-container\">\n\t\t\t<style>\/*! elementor - v3.15.0 - 20-08-2023 *\/\n.elementor-widget-text-editor.elementor-drop-cap-view-stacked .elementor-drop-cap{background-color:#69727d;color:#fff}.elementor-widget-text-editor.elementor-drop-cap-view-framed .elementor-drop-cap{color:#69727d;border:3px solid;background-color:transparent}.elementor-widget-text-editor:not(.elementor-drop-cap-view-default) .elementor-drop-cap{margin-top:8px}.elementor-widget-text-editor:not(.elementor-drop-cap-view-default) .elementor-drop-cap-letter{width:1em;height:1em}.elementor-widget-text-editor .elementor-drop-cap{float:left;text-align:center;line-height:1;font-size:50px}.elementor-widget-text-editor .elementor-drop-cap-letter{display:inline-block}<\/style>\t\t\t\t<p>CMA Quality International est\u00e1 abierta a todos los comentarios de nuestros clientes. Si alguna vez tiene una queja o necesita apelar alg\u00fan hallazgo o decisi\u00f3n tomada por CMA que afecte su sistema de gesti\u00f3n de calidad, utilice la direcci\u00f3n de correo electr\u00f3nico a continuaci\u00f3n. Tambi\u00e9n proporcionamos un enlace a nuestros procedimientos con respecto a Quejas y Apelaciones.<\/p><p>Estamos aqu\u00ed para servirle de manera objetiva para garantizar que su sistema de gesti\u00f3n de calidad est\u00e9 certificado con la m\u00e1xima integridad y procesos \u00e9ticos.<\/p><p>Esperamos sus comentarios.<\/p><p><a href=\"http:\/\/cmaquality.com\/wp-content\/uploads\/2016\/05\/disputes-complaints_2-1024x540-1.jpg\"><span style=\"text-decoration: underline;\"><strong>Proceso de Quejas<\/strong><\/span><\/a><\/p><p>Si tiene alguna queja, por favor env\u00edela a <a href=\"mailto:contactCMA@cmaquality.com\" target=\"_blank\" rel=\"noopener\">contactCMA@cmaquality.com<\/a><\/p><p><a href=\"http:\/\/cmaquality.com\/wp-content\/uploads\/2016\/05\/disputes-complaints_2-1024x540-1.jpg\"><span style=\"text-decoration: underline;\"><strong>Proceso de apelaciones<\/strong><\/span><\/a><\/p><p>Si desea apelar cualquiera de las decisiones de CMA, env\u00edelo a <a href=\"mailto:contactCMA@cmaquality.com\" target=\"_blank\" rel=\"noopener\">contactCMA@cmaquality.com<\/a><\/p>\t\t\t\t\t\t<\/div>\n\t\t\t\t<\/div>\n\t\t\t\t\t<\/div>\n\t\t<\/div>\n\t\t\t\t\t\t\t<\/div>\n\t\t<\/section>\n\t\t\t\t\t\t\t<\/div>","protected":false},"excerpt":{"rendered":"<p>CMA Quality International is open to all feedback by our clients. If you ever have a complaint or need to appeal any findings or decisions made by CMA that impact your quality management system, please use the email address below. We\u2019ve also provided a link to our procedures regarding Complaints &amp; Appeals. We are here [&hellip;]<\/p>","protected":false},"author":1,"featured_media":0,"parent":0,"menu_order":0,"comment_status":"closed","ping_status":"closed","template":"","meta":{"footnotes":""},"class_list":["post-737","page","type-page","status-publish","hentry","entry"],"_links":{"self":[{"href":"http:\/\/www.cmaquality.com\/es\/wp-json\/wp\/v2\/pages\/737","targetHints":{"allow":["GET"]}}],"collection":[{"href":"http:\/\/www.cmaquality.com\/es\/wp-json\/wp\/v2\/pages"}],"about":[{"href":"http:\/\/www.cmaquality.com\/es\/wp-json\/wp\/v2\/types\/page"}],"author":[{"embeddable":true,"href":"http:\/\/www.cmaquality.com\/es\/wp-json\/wp\/v2\/users\/1"}],"replies":[{"embeddable":true,"href":"http:\/\/www.cmaquality.com\/es\/wp-json\/wp\/v2\/comments?post=737"}],"version-history":[{"count":12,"href":"http:\/\/www.cmaquality.com\/es\/wp-json\/wp\/v2\/pages\/737\/revisions"}],"predecessor-version":[{"id":1355,"href":"http:\/\/www.cmaquality.com\/es\/wp-json\/wp\/v2\/pages\/737\/revisions\/1355"}],"wp:attachment":[{"href":"http:\/\/www.cmaquality.com\/es\/wp-json\/wp\/v2\/media?parent=737"}],"curies":[{"name":"wp","href":"https:\/\/api.w.org\/{rel}","templated":true}]}}