{"id":199,"date":"2016-05-26T18:46:20","date_gmt":"2016-05-26T18:46:20","guid":{"rendered":"http:\/\/cmaquality.com\/OCT-18\/new\/?page_id=199"},"modified":"2023-09-07T19:23:52","modified_gmt":"2023-09-07T19:23:52","slug":"expected-outcomes","status":"publish","type":"page","link":"http:\/\/www.cmaquality.com\/es\/expected-outcomes\/","title":{"rendered":"Resultados Esperados"},"content":{"rendered":"<div data-elementor-type=\"wp-page\" data-elementor-id=\"199\" class=\"elementor elementor-199\">\n\t\t\t\t\t\t\t\t\t<section class=\"elementor-section elementor-top-section elementor-element elementor-element-77296c0c elementor-section-boxed elementor-section-height-default elementor-section-height-default\" data-id=\"77296c0c\" data-element_type=\"section\">\n\t\t\t\t\t\t<div class=\"elementor-container elementor-column-gap-default\">\n\t\t\t\t\t<div class=\"elementor-column elementor-col-100 elementor-top-column elementor-element elementor-element-1c888855 elementor-invisible\" data-id=\"1c888855\" data-element_type=\"column\" data-settings=\"{&quot;animation&quot;:&quot;fadeInRight&quot;}\">\n\t\t\t<div class=\"elementor-widget-wrap elementor-element-populated\">\n\t\t\t\t\t\t\t\t<div class=\"elementor-element elementor-element-0342a60 elementor-widget elementor-widget-heading\" data-id=\"0342a60\" data-element_type=\"widget\" data-widget_type=\"heading.default\">\n\t\t\t\t<div class=\"elementor-widget-container\">\n\t\t\t<style>\/*! elementor - v3.15.0 - 20-08-2023 *\/\n.elementor-heading-title{padding:0;margin:0;line-height:1}.elementor-widget-heading .elementor-heading-title[class*=elementor-size-]>a{color:inherit;font-size:inherit;line-height:inherit}.elementor-widget-heading .elementor-heading-title.elementor-size-small{font-size:15px}.elementor-widget-heading .elementor-heading-title.elementor-size-medium{font-size:19px}.elementor-widget-heading .elementor-heading-title.elementor-size-large{font-size:29px}.elementor-widget-heading .elementor-heading-title.elementor-size-xl{font-size:39px}.elementor-widget-heading .elementor-heading-title.elementor-size-xxl{font-size:59px}<\/style><h1 class=\"elementor-heading-title elementor-size-default\">Resultados esperados para la Certificaci\u00f3n Acreditada seg\u00fan ISO 9001<\/h1>\t\t<\/div>\n\t\t\t\t<\/div>\n\t\t\t\t<div class=\"elementor-element elementor-element-41352fc9 elementor-widget elementor-widget-text-editor\" data-id=\"41352fc9\" data-element_type=\"widget\" data-widget_type=\"text-editor.default\">\n\t\t\t\t<div class=\"elementor-widget-container\">\n\t\t\t<style>\/*! elementor - v3.15.0 - 20-08-2023 *\/\n.elementor-widget-text-editor.elementor-drop-cap-view-stacked .elementor-drop-cap{background-color:#69727d;color:#fff}.elementor-widget-text-editor.elementor-drop-cap-view-framed .elementor-drop-cap{color:#69727d;border:3px solid;background-color:transparent}.elementor-widget-text-editor:not(.elementor-drop-cap-view-default) .elementor-drop-cap{margin-top:8px}.elementor-widget-text-editor:not(.elementor-drop-cap-view-default) .elementor-drop-cap-letter{width:1em;height:1em}.elementor-widget-text-editor .elementor-drop-cap{float:left;text-align:center;line-height:1;font-size:50px}.elementor-widget-text-editor .elementor-drop-cap-letter{display:inline-block}<\/style>\t\t\t\t<p><span style=\"font-size: 15px;\">Para el alcance de la certificaci\u00f3n definido, una organizaci\u00f3n con un sistema de gesti\u00f3n de calidad certificado proporciona productos que cumplen con los requisitos del cliente y los legales y reglamentarios aplicables, y tiene como objetivo mejorar la satisfacci\u00f3n del cliente.<\/span><\/p><p>Notas:<\/p><ol start=\"1\" type=\"1\"><li>Los \"productos\" tambi\u00e9n incluyen \"servicios\".<\/li><li>Los requisitos del cliente para el producto pueden ser declarados (por ejemplo, en un contrato o una especificaci\u00f3n acordada) o generalmente impl\u00edcitos (por ejemplo, en el material promocional de la organizaci\u00f3n, o por pr\u00e1ctica com\u00fan para ese sector econ\u00f3mico\/industrial).<\/li><li>Los requisitos para el producto pueden incluir requisitos para las actividades de entrega y posteriores a la entrega.<\/li><\/ol>\t\t\t\t\t\t<\/div>\n\t\t\t\t<\/div>\n\t\t\t\t\t<\/div>\n\t\t<\/div>\n\t\t\t\t\t\t\t<\/div>\n\t\t<\/section>\n\t\t\t\t<section class=\"elementor-section elementor-top-section elementor-element elementor-element-c4d985f elementor-section-boxed elementor-section-height-default elementor-section-height-default\" data-id=\"c4d985f\" data-element_type=\"section\">\n\t\t\t\t\t\t<div class=\"elementor-container elementor-column-gap-default\">\n\t\t\t\t\t<div class=\"elementor-column elementor-col-100 elementor-top-column elementor-element elementor-element-ac510c9 elementor-invisible\" data-id=\"ac510c9\" data-element_type=\"column\" data-settings=\"{&quot;animation&quot;:&quot;fadeInRight&quot;,&quot;animation_delay&quot;:200}\">\n\t\t\t<div class=\"elementor-widget-wrap elementor-element-populated\">\n\t\t\t\t\t\t\t\t<div class=\"elementor-element elementor-element-80787a4 elementor-widget elementor-widget-heading\" data-id=\"80787a4\" data-element_type=\"widget\" data-widget_type=\"heading.default\">\n\t\t\t\t<div class=\"elementor-widget-container\">\n\t\t\t<h1 class=\"elementor-heading-title elementor-size-default\">Qu\u00e9 significa la certificaci\u00f3n acreditada seg\u00fan ISO 9001<\/h1>\t\t<\/div>\n\t\t\t\t<\/div>\n\t\t\t\t<div class=\"elementor-element elementor-element-dd3d8be elementor-widget elementor-widget-text-editor\" data-id=\"dd3d8be\" data-element_type=\"widget\" data-widget_type=\"text-editor.default\">\n\t\t\t\t<div class=\"elementor-widget-container\">\n\t\t\t\t\t\t\t<p style=\"font-variant-ligatures: normal; font-variant-caps: normal; font-size: 15px; font-style: normal; font-weight: 400;\">Para lograr productos conformes, se espera que el proceso de certificaci\u00f3n acreditado proporcione<\/p>\n<p style=\"font-variant-ligatures: normal; font-variant-caps: normal; font-size: 15px; font-style: normal; font-weight: 400;\">confidence that the organization has a quality management system that conforms to the\napplicable requirements of ISO 9001. In particular, it is to be expected that the organization:<\/p>\n\n<ol>\n \t<li style=\"font-size: 15px;\">Ha establecido un sistema de gesti\u00f3n de calidad que es adecuado para sus productos y procesos, y apropiado para su alcance de certificaci\u00f3n.<\/li>\n \t<li style=\"font-size: 15px;\">Analiza y comprende las necesidades y expectativas de los clientes, as\u00ed como los requisitos legales y reglamentarios pertinentes relacionados con sus productos.<\/li>\n \t<li style=\"font-size: 15px;\">Asegura que las caracter\u00edsticas del producto se hayan especificado para cumplir con los requisitos del cliente y los legales\/regulatorios<\/li>\n \t<li style=\"font-size: 15px;\">Ha determinado y est\u00e1 gestionando los procesos necesarios para lograr los resultados esperados (productos conformes y mayor satisfacci\u00f3n del cliente)<\/li>\n \t<li style=\"font-size: 15px;\">Ha asegurado la disponibilidad de los recursos necesarios para apoyar la operaci\u00f3n y seguimiento de estos procesos<\/li>\n \t<li style=\"font-size: 15px;\">Supervisa y controla las caracter\u00edsticas definidas del producto<\/li>\n \t<li style=\"font-size: 15px;\">Tiene como objetivo prevenir las no conformidades y cuenta con procesos de mejora sistem\u00e1ticos para:<\/li>\n \t<li style=\"font-size: 15px;\">Corregir las no conformidades que se produzcan (incluidas las no conformidades del producto que se detecten despu\u00e9s de la entrega)<\/li>\n \t<li style=\"font-size: 15px;\">Analizar la causa de las no conformidades y tomar acciones correctivas para evitar su recurrencia<\/li>\n \t<li style=\"font-size: 15px;\">Atender las quejas de los clientes<\/li>\n \t<li style=\"font-size: 15px;\">Ha implementado un proceso efectivo de auditor\u00eda interna y revisi\u00f3n de la gesti\u00f3n.<\/li>\n \t<li style=\"font-size: 15px;\">Est\u00e1 monitoreando, midiendo y mejorando continuamente la efectividad de su sistema de gesti\u00f3n de calidad.<\/li>\n<\/ol>\t\t\t\t\t\t<\/div>\n\t\t\t\t<\/div>\n\t\t\t\t\t<\/div>\n\t\t<\/div>\n\t\t\t\t\t\t\t<\/div>\n\t\t<\/section>\n\t\t\t\t<section class=\"elementor-section elementor-top-section elementor-element elementor-element-1fc0bd1 elementor-section-boxed elementor-section-height-default elementor-section-height-default\" data-id=\"1fc0bd1\" data-element_type=\"section\">\n\t\t\t\t\t\t<div class=\"elementor-container elementor-column-gap-default\">\n\t\t\t\t\t<div class=\"elementor-column elementor-col-100 elementor-top-column elementor-element elementor-element-4c08914 elementor-invisible\" data-id=\"4c08914\" data-element_type=\"column\" data-settings=\"{&quot;animation&quot;:&quot;fadeInRight&quot;,&quot;animation_delay&quot;:300}\">\n\t\t\t<div class=\"elementor-widget-wrap elementor-element-populated\">\n\t\t\t\t\t\t\t\t<div class=\"elementor-element elementor-element-ce270f6 elementor-widget elementor-widget-heading\" data-id=\"ce270f6\" data-element_type=\"widget\" data-widget_type=\"heading.default\">\n\t\t\t\t<div class=\"elementor-widget-container\">\n\t\t\t<h1 class=\"elementor-heading-title elementor-size-default\">Lo que no significa la certificaci\u00f3n acreditada seg\u00fan ISO 9001<\/h1>\t\t<\/div>\n\t\t\t\t<\/div>\n\t\t\t\t<div class=\"elementor-element elementor-element-d0bdda8 elementor-widget elementor-widget-text-editor\" data-id=\"d0bdda8\" data-element_type=\"widget\" data-widget_type=\"text-editor.default\">\n\t\t\t\t<div class=\"elementor-widget-container\">\n\t\t\t\t\t\t\t<ol>\n \t<li style=\"font-variant-ligatures: normal; font-variant-caps: normal;font-size: 15px; font-style: normal; font-weight: 400;\">Es importante reconocer que ISO 9001 define los requisitos para el sistema de gesti\u00f3n de calidad de una organizaci\u00f3n, no para sus productos. La certificaci\u00f3n acreditada seg\u00fan ISO 9001 debe proporcionar confianza en la capacidad de la organizaci\u00f3n para \"proporcionar de manera constante un producto que cumpla con los requisitos del cliente y los legales y reglamentarios aplicables\". No garantiza necesariamente que la organizaci\u00f3n siempre logre el 100 % de conformidad del producto, aunque, por supuesto, esto deber\u00eda ser un objetivo permanente.<\/li>\n \t<li><span style=\" font-size: 15px;\">La certificaci\u00f3n acreditada ISO 9001 no implica que la organizaci\u00f3n est\u00e9 proporcionando un producto superior, o que el producto en s\u00ed est\u00e9 certificado por cumplir con los requisitos de una norma o especificaci\u00f3n ISO (o cualquier otra).<\/span><\/li>\n<\/ol>\t\t\t\t\t\t<\/div>\n\t\t\t\t<\/div>\n\t\t\t\t\t<\/div>\n\t\t<\/div>\n\t\t\t\t\t\t\t<\/div>\n\t\t<\/section>\n\t\t\t\t\t\t\t<\/div>","protected":false},"excerpt":{"rendered":"<p>Expected Outcomes for Accredited Certification to ISO 9001 For the defined certification scope, an organization with a certified quality management system consistently provides products that meet customer and applicable statutory and regulatory requirements, and aims to enhance customer satisfaction. Notes: \u201cProducts\u201d also include \u201cservices.\u201d Customer requirements for the product may either be stated (for example [&hellip;]<\/p>","protected":false},"author":1,"featured_media":0,"parent":0,"menu_order":0,"comment_status":"closed","ping_status":"closed","template":"","meta":{"footnotes":""},"class_list":["post-199","page","type-page","status-publish","hentry","entry"],"_links":{"self":[{"href":"http:\/\/www.cmaquality.com\/es\/wp-json\/wp\/v2\/pages\/199","targetHints":{"allow":["GET"]}}],"collection":[{"href":"http:\/\/www.cmaquality.com\/es\/wp-json\/wp\/v2\/pages"}],"about":[{"href":"http:\/\/www.cmaquality.com\/es\/wp-json\/wp\/v2\/types\/page"}],"author":[{"embeddable":true,"href":"http:\/\/www.cmaquality.com\/es\/wp-json\/wp\/v2\/users\/1"}],"replies":[{"embeddable":true,"href":"http:\/\/www.cmaquality.com\/es\/wp-json\/wp\/v2\/comments?post=199"}],"version-history":[{"count":9,"href":"http:\/\/www.cmaquality.com\/es\/wp-json\/wp\/v2\/pages\/199\/revisions"}],"predecessor-version":[{"id":1379,"href":"http:\/\/www.cmaquality.com\/es\/wp-json\/wp\/v2\/pages\/199\/revisions\/1379"}],"wp:attachment":[{"href":"http:\/\/www.cmaquality.com\/es\/wp-json\/wp\/v2\/media?parent=199"}],"curies":[{"name":"wp","href":"https:\/\/api.w.org\/{rel}","templated":true}]}}