{"id":157,"date":"2016-05-25T22:11:11","date_gmt":"2016-05-25T22:11:11","guid":{"rendered":"http:\/\/cmaquality.com\/OCT-18\/new\/?page_id=157"},"modified":"2024-02-21T23:25:01","modified_gmt":"2024-02-21T23:25:01","slug":"contact-us","status":"publish","type":"page","link":"http:\/\/www.cmaquality.com\/es\/contact-us\/","title":{"rendered":"Contacto"},"content":{"rendered":"<div data-elementor-type=\"wp-page\" data-elementor-id=\"157\" class=\"elementor elementor-157\">\n\t\t\t\t\t\t\t\t\t<section class=\"elementor-section elementor-top-section elementor-element elementor-element-e7ad471 elementor-section-boxed elementor-section-height-default elementor-section-height-default\" data-id=\"e7ad471\" data-element_type=\"section\">\n\t\t\t\t\t\t<div class=\"elementor-container elementor-column-gap-default\">\n\t\t\t\t\t<div class=\"elementor-column elementor-col-100 elementor-top-column elementor-element elementor-element-e5876d7\" data-id=\"e5876d7\" data-element_type=\"column\">\n\t\t\t<div class=\"elementor-widget-wrap elementor-element-populated\">\n\t\t\t\t\t\t\t\t<div class=\"elementor-element elementor-element-20d1840 elementor-invisible elementor-widget elementor-widget-heading\" data-id=\"20d1840\" data-element_type=\"widget\" data-settings=\"{&quot;_animation&quot;:&quot;fadeIn&quot;}\" data-widget_type=\"heading.default\">\n\t\t\t\t<div class=\"elementor-widget-container\">\n\t\t\t<style>\/*! elementor - v3.15.0 - 20-08-2023 *\/\n.elementor-heading-title{padding:0;margin:0;line-height:1}.elementor-widget-heading .elementor-heading-title[class*=elementor-size-]>a{color:inherit;font-size:inherit;line-height:inherit}.elementor-widget-heading .elementor-heading-title.elementor-size-small{font-size:15px}.elementor-widget-heading .elementor-heading-title.elementor-size-medium{font-size:19px}.elementor-widget-heading .elementor-heading-title.elementor-size-large{font-size:29px}.elementor-widget-heading .elementor-heading-title.elementor-size-xl{font-size:39px}.elementor-widget-heading .elementor-heading-title.elementor-size-xxl{font-size:59px}<\/style><h1 class=\"elementor-heading-title elementor-size-default\">Si\u00e9ntase con la libertad de contactarnos<\/h1>\t\t<\/div>\n\t\t\t\t<\/div>\n\t\t\t\t\t<\/div>\n\t\t<\/div>\n\t\t\t\t\t\t\t<\/div>\n\t\t<\/section>\n\t\t\t\t<section class=\"elementor-section elementor-top-section elementor-element elementor-element-ec39097 elementor-section-boxed elementor-section-height-default elementor-section-height-default\" data-id=\"ec39097\" data-element_type=\"section\">\n\t\t\t\t\t\t<div class=\"elementor-container elementor-column-gap-default\">\n\t\t\t\t\t<div class=\"elementor-column elementor-col-50 elementor-top-column elementor-element elementor-element-a16dded\" data-id=\"a16dded\" data-element_type=\"column\">\n\t\t\t<div class=\"elementor-widget-wrap elementor-element-populated\">\n\t\t\t\t\t\t\t\t<div class=\"elementor-element elementor-element-b9a1ab4 elementor-invisible elementor-widget elementor-widget-text-editor\" data-id=\"b9a1ab4\" data-element_type=\"widget\" data-settings=\"{&quot;_animation&quot;:&quot;fadeInLeft&quot;}\" data-widget_type=\"text-editor.default\">\n\t\t\t\t<div class=\"elementor-widget-container\">\n\t\t\t<style>\/*! elementor - v3.15.0 - 20-08-2023 *\/\n.elementor-widget-text-editor.elementor-drop-cap-view-stacked .elementor-drop-cap{background-color:#69727d;color:#fff}.elementor-widget-text-editor.elementor-drop-cap-view-framed .elementor-drop-cap{color:#69727d;border:3px solid;background-color:transparent}.elementor-widget-text-editor:not(.elementor-drop-cap-view-default) .elementor-drop-cap{margin-top:8px}.elementor-widget-text-editor:not(.elementor-drop-cap-view-default) .elementor-drop-cap-letter{width:1em;height:1em}.elementor-widget-text-editor .elementor-drop-cap{float:left;text-align:center;line-height:1;font-size:50px}.elementor-widget-text-editor .elementor-drop-cap-letter{display:inline-block}<\/style>\t\t\t\t<p style=\"text-align: right;\">Email:\u00a0<a href=\"mailto:contactCMA@cmaquality.com\" target=\"_blank\" rel=\"noreferrer noopener\">contactCMA@cmaquality.com<\/a><\/p>\n<p style=\"text-align: right;\">Telefonos: 1-800-843-3909<\/p>\n<p style=\"text-align: right;\">+1-647-476-4433<\/p>\n<p style=\"text-align: right;\">Fax: +1-647-797-3639<\/p>\t\t\t\t\t\t<\/div>\n\t\t\t\t<\/div>\n\t\t\t\t\t<\/div>\n\t\t<\/div>\n\t\t\t\t<div class=\"elementor-column elementor-col-50 elementor-top-column elementor-element elementor-element-ee07bfd\" data-id=\"ee07bfd\" data-element_type=\"column\">\n\t\t\t<div class=\"elementor-widget-wrap elementor-element-populated\">\n\t\t\t\t\t\t\t\t<div class=\"elementor-element elementor-element-7fb67f4 elementor-widget elementor-widget-image\" data-id=\"7fb67f4\" data-element_type=\"widget\" data-widget_type=\"image.default\">\n\t\t\t\t<div class=\"elementor-widget-container\">\n\t\t\t<style>\/*! elementor - v3.15.0 - 20-08-2023 *\/\n.elementor-widget-image{text-align:center}.elementor-widget-image a{display:inline-block}.elementor-widget-image a img[src$=\".svg\"]{width:48px}.elementor-widget-image img{vertical-align:middle;display:inline-block}<\/style>\t\t\t\t\t\t\t\t\t\t\t\t<img loading=\"lazy\" decoding=\"async\" width=\"280\" height=\"283\" src=\"http:\/\/www.cmaquality.com\/wp-content\/uploads\/2016\/05\/contact-us.png\" class=\"attachment-large size-large wp-image-764\" alt=\"\" \/>\t\t\t\t\t\t\t\t\t\t\t\t\t\t\t<\/div>\n\t\t\t\t<\/div>\n\t\t\t\t\t<\/div>\n\t\t<\/div>\n\t\t\t\t\t\t\t<\/div>\n\t\t<\/section>\n\t\t\t\t<section class=\"elementor-section elementor-top-section elementor-element elementor-element-51487654 elementor-section-boxed elementor-section-height-default elementor-section-height-default\" data-id=\"51487654\" data-element_type=\"section\">\n\t\t\t\t\t\t<div class=\"elementor-container elementor-column-gap-default\">\n\t\t\t\t\t<div class=\"elementor-column elementor-col-100 elementor-top-column elementor-element elementor-element-b64babf elementor-invisible\" data-id=\"b64babf\" data-element_type=\"column\" data-settings=\"{&quot;animation&quot;:&quot;fadeInRight&quot;,&quot;animation_delay&quot;:200}\">\n\t\t\t<div class=\"elementor-widget-wrap elementor-element-populated\">\n\t\t\t\t\t\t\t\t<div class=\"elementor-element elementor-element-e5b9c62 elementor-widget elementor-widget-text-editor\" data-id=\"e5b9c62\" data-element_type=\"widget\" data-widget_type=\"text-editor.default\">\n\t\t\t\t<div class=\"elementor-widget-container\">\n\t\t\t\t\t\t\t<p><!-- wp:columns --><\/p>\n<p>i. Para una apelaci\u00f3n de la decisi\u00f3n de un auditor de CMA, env\u00ede su informaci\u00f3n a <a href=\"mailto:contactCMA@cmaquality.com\" target=\"_blank\" rel=\"noopener\">contactCMA@cmaquality.com<\/a><\/span><\/p>\n<div>\n<div>\n<p><!-- \/wp:paragraph --><\/p>\n<p><!-- wp:paragraph --><\/p>\n<p>ii.   Para cualquier queja en referencia a auditor\u00edas, auditores y procesos de CMA, dirija sus consultas a <a href=\"mailto:contactCMA@cmaquality.com\" target=\"_blank\" rel=\"noopener\">contactCMA@cmaquality.com<\/a><\/p>\n<p><!-- \/wp:paragraph --><\/p>\n<p><!-- wp:paragraph --><\/p>\n<p>iii. Para obtener informaci\u00f3n sobre capacitaciones, dirija sus consultas a <a href=\"mailto:training@cmaquality.com\" target=\"_blank\" rel=\"noreferrer noopener\">training@cmaquality.com<\/a><\/p>\n<p><!-- \/wp:paragraph --><\/p>\n<p><!-- wp:paragraph --><\/p>\n<p>IV. Para informaci\u00f3n sobre cotizaciones o transferencias, por favor dirija sus consultas a <a href=\"mailto:enquires@cmaquality.com\" target=\"_blank\" rel=\"noreferrer noopener\">enquires@cmaquality.com<\/a><\/p>\n<p><!-- \/wp:paragraph --><\/p>\n<p><!-- wp:paragraph --><\/p>\n<\/div>\n<\/div>\n<p>&nbsp;<\/p>\n<p><!-- \/wp:paragraph --><\/p>\t\t\t\t\t\t<\/div>\n\t\t\t\t<\/div>\n\t\t\t\t\t<\/div>\n\t\t<\/div>\n\t\t\t\t\t\t\t<\/div>\n\t\t<\/section>\n\t\t\t\t<section class=\"elementor-section elementor-top-section elementor-element elementor-element-a8b1183 elementor-section-boxed elementor-section-height-default elementor-section-height-default\" data-id=\"a8b1183\" data-element_type=\"section\">\n\t\t\t\t\t\t<div class=\"elementor-container elementor-column-gap-default\">\n\t\t\t\t\t<div class=\"elementor-column elementor-col-100 elementor-top-column elementor-element elementor-element-1ab8435 elementor-invisible\" data-id=\"1ab8435\" data-element_type=\"column\" data-settings=\"{&quot;animation&quot;:&quot;fadeInRight&quot;,&quot;animation_delay&quot;:200}\">\n\t\t\t<div class=\"elementor-widget-wrap elementor-element-populated\">\n\t\t\t\t\t\t\t\t<div class=\"elementor-element elementor-element-1c41e64 elementor-widget elementor-widget-menu-anchor\" data-id=\"1c41e64\" data-element_type=\"widget\" data-widget_type=\"menu-anchor.default\">\n\t\t\t\t<div class=\"elementor-widget-container\">\n\t\t\t<style>\/*! elementor - v3.15.0 - 20-08-2023 *\/\nbody.elementor-page .elementor-widget-menu-anchor{margin-bottom:0}<\/style>\t\t<div id=\"survey\" class=\"elementor-menu-anchor\"><\/div>\n\t\t\t\t<\/div>\n\t\t\t\t<\/div>\n\t\t\t\t<div class=\"elementor-element elementor-element-c81420d elementor-widget elementor-widget-text-editor\" data-id=\"c81420d\" data-element_type=\"widget\" data-widget_type=\"text-editor.default\">\n\t\t\t\t<div class=\"elementor-widget-container\">\n\t\t\t\t\t\t\t<div>\n<div>\n<h2>Encuesta al consumidor<\/h2>\n<p><!-- \/wp:paragraph --><\/p>\n<p><!-- wp:shortcode --><\/p>\n<div id=\"customer-survey\">Complete la encuesta siguiendo el enlace a continuaci\u00f3n.<\/div>\n<p><a href=\"https:\/\/www.surveymonkey.com\/r\/CMAQuality2\" target=\"_blank\" rel=\"noopener\">Encuesta Cliente Evaluaci\u00f3n y Mejora Continua<\/a><\/p>\n<\/div>\n<div><\/div>\n<h2>Apelaciones y Quejas<\/h2>\n<div id=\"customer-survey\">\u00a0El proceso de apelaci\u00f3n es seg\u00fan <a href=\"http:\/\/www.cmaquality.com\/es\/complaints-appeals\/\">diagrama adjunto<\/a>.<\/div>\n<h2><!-- \/wp:shortcode --><\/h2>\n<p><!-- \/wp:column --><\/p>\n<\/div>\n<p><!-- \/wp:columns --><\/p>\n<p><!-- wp:paragraph --><\/p>\n<p>\u00a0<\/p>\t\t\t\t\t\t<\/div>\n\t\t\t\t<\/div>\n\t\t\t\t\t<\/div>\n\t\t<\/div>\n\t\t\t\t\t\t\t<\/div>\n\t\t<\/section>\n\t\t\t\t<section class=\"elementor-section elementor-top-section elementor-element elementor-element-a16498d elementor-section-boxed elementor-section-height-default elementor-section-height-default\" data-id=\"a16498d\" data-element_type=\"section\">\n\t\t\t\t\t\t<div class=\"elementor-container elementor-column-gap-default\">\n\t\t\t\t\t<div class=\"elementor-column elementor-col-100 elementor-top-column elementor-element elementor-element-3c09f30\" data-id=\"3c09f30\" data-element_type=\"column\">\n\t\t\t<div class=\"elementor-widget-wrap elementor-element-populated\">\n\t\t\t\t\t\t\t\t<div class=\"elementor-element elementor-element-eccc2d8 elementor-widget elementor-widget-text-editor\" data-id=\"eccc2d8\" data-element_type=\"widget\" data-widget_type=\"text-editor.default\">\n\t\t\t\t<div class=\"elementor-widget-container\">\n\t\t\t\t\t\t\t<p>Para programar capacitaciones o discutir un plan personalizable para su organizaci\u00f3n, complete el siguiente formulario:<\/p>\t\t\t\t\t\t<\/div>\n\t\t\t\t<\/div>\n\t\t\t\t\t<\/div>\n\t\t<\/div>\n\t\t\t\t\t\t\t<\/div>\n\t\t<\/section>\n\t\t\t\t<section class=\"elementor-section elementor-top-section elementor-element elementor-element-0646bd9 elementor-section-boxed elementor-section-height-default elementor-section-height-default\" data-id=\"0646bd9\" data-element_type=\"section\">\n\t\t\t\t\t\t<div class=\"elementor-container elementor-column-gap-default\">\n\t\t\t\t\t<div class=\"elementor-column elementor-col-100 elementor-top-column elementor-element elementor-element-d3b4dc2\" data-id=\"d3b4dc2\" data-element_type=\"column\">\n\t\t\t<div class=\"elementor-widget-wrap elementor-element-populated\">\n\t\t\t\t\t\t\t\t<div class=\"elementor-element elementor-element-50861ed elementor-widget elementor-widget-shortcode\" data-id=\"50861ed\" data-element_type=\"widget\" data-widget_type=\"shortcode.default\">\n\t\t\t\t<div class=\"elementor-widget-container\">\n\t\t\t\t\t<div class=\"elementor-shortcode\"><div class=\"forminator-ui forminator-custom-form forminator-custom-form-1240 forminator-design--default  forminator_ajax\" data-forminator-render=\"0\" data-form=\"forminator-module-1240\" data-uid=\"69d5213115111\"><br\/><\/div><form\n\t\t\t\tid=\"forminator-module-1240\"\n\t\t\t\tclass=\"forminator-ui forminator-custom-form forminator-custom-form-1240 forminator-design--default  forminator_ajax\"\n\t\t\t\tmethod=\"post\"\n\t\t\t\tdata-forminator-render=\"0\"\n\t\t\t\tdata-form-id=\"1240\"\n\t\t\t\t\n\t\t\t\tdata-design=\"default\"\n\t\t\t\t\n\t\t\t\t\n\t\t\t\t\n\t\t\t\tdata-grid=\"open\"\n\t\t\t\t\n\t\t\t\t\n\t\t\t\tstyle=\"display: none;\"\n\t\t\t\t\n\t\t\t\tdata-uid=\"69d5213115111\" action=\"\"\n\t\t\t><div role=\"alert\" aria-live=\"polite\" class=\"forminator-response-message forminator-error\" aria-hidden=\"true\"><\/div><div class=\"forminator-row\"><div id=\"name-1\" class=\"forminator-col forminator-col-12\"><div class=\"forminator-field\"><label for=\"forminator-field-name-1_69d5213115111\" class=\"forminator-label\" id=\"forminator-field-name-1_69d5213115111-label\">Nombre <span class=\"forminator-required\">*<\/span><\/label><input type=\"text\" name=\"name-1\" value=\"\" placeholder=\"E.g. John\" id=\"forminator-field-name-1_69d5213115111\" class=\"forminator-input forminator-name--field\" aria-required=\"true\" \/><\/div><\/div><\/div><div class=\"forminator-row\"><div id=\"name-2\" class=\"forminator-col forminator-col-12\"><div class=\"forminator-field\"><label for=\"forminator-field-name-2_69d5213115111\" class=\"forminator-label\" id=\"forminator-field-name-2_69d5213115111-label\">Nombre de la Empresa<\/label><input type=\"text\" name=\"name-2\" value=\"\" placeholder=\"Nombre de la Empresa\" id=\"forminator-field-name-2_69d5213115111\" class=\"forminator-input forminator-name--field\" aria-required=\"false\" \/><\/div><\/div><\/div><div class=\"forminator-row\"><div id=\"phone-1\" class=\"forminator-col forminator-col-12\"><div class=\"forminator-field\"><label for=\"forminator-field-phone-1_69d5213115111\" class=\"forminator-label\" id=\"forminator-field-phone-1_69d5213115111-label\">Numero de Tel\u00e9fono<\/label><input type=\"text\" name=\"phone-1\" value=\"\" placeholder=\"E.g. +1 3004005000\" id=\"forminator-field-phone-1_69d5213115111\" class=\"forminator-input forminator-field--phone\" data-required=\"\" aria-required=\"false\" autocomplete=\"off\" \/><\/div><\/div><\/div><div class=\"forminator-row\"><div id=\"email-1\" class=\"forminator-col forminator-col-12\"><div class=\"forminator-field\"><label for=\"forminator-field-email-1_69d5213115111\" class=\"forminator-label\" id=\"forminator-field-email-1_69d5213115111-label\">Correo Electr\u00f3nico <span class=\"forminator-required\">*<\/span><\/label><input type=\"email\" name=\"email-1\" value=\"\" placeholder=\"E.g. john@doe.com\" id=\"forminator-field-email-1_69d5213115111\" class=\"forminator-input forminator-email--field\" data-required=\"true\" aria-required=\"true\" \/><\/div><\/div><\/div><div class=\"forminator-row\"><div id=\"textarea-1\" class=\"forminator-col forminator-col-12\"><div class=\"forminator-field\"><label for=\"forminator-field-textarea-1_69d5213115111\" id=\"forminator-field-textarea-1_69d5213115111-label\" class=\"forminator-label\">Mensaje<\/label><textarea name=\"textarea-1\" placeholder=\"Enter your message...\" id=\"forminator-field-textarea-1_69d5213115111\" class=\"forminator-textarea\" rows=\"6\" style=\"min-height:140px;\" maxlength=\"180\" ><\/textarea><span id=\"forminator-field-textarea-1_69d5213115111-description\" class=\"forminator-description\"><span data-limit=\"180\" data-type=\"characters\">0 \/ 180<\/span><\/span><\/div><\/div><\/div><div class=\"forminator-row\"><div id=\"checkbox-1\" class=\"forminator-col forminator-col-12\"><div role=\"group\" class=\"forminator-field\" aria-labelledby=\"forminator-checkbox-group-69d5213115111-label\"><h4 id=\"forminator-checkbox-group-69d5213115111-label\" class=\"forminator-label\">Elige el \u00e1rea con la que deseas contactar<\/h4><label id=\"forminator-field-checkbox-1-1-69d5213115111-label\" for=\"forminator-field-checkbox-1-1-69d5213115111\" class=\"forminator-checkbox\" title=\"Certificaci\u00f3n\"><input type=\"checkbox\" name=\"checkbox-1[]\" value=\"Certification\" id=\"forminator-field-checkbox-1-1-69d5213115111\" aria-labelledby=\"forminator-field-checkbox-1-1-69d5213115111-label\" data-calculation=\"0\"   aria-describedby=\"forminator-field-checkbox-1-69d5213115111-description\"\/><span class=\"forminator-checkbox-box\" aria-hidden=\"true\"><\/span><span class=\"forminator-checkbox-label\">Certificaci\u00f3n<\/span><\/label><label id=\"forminator-field-checkbox-1-2-69d5213115111-label\" for=\"forminator-field-checkbox-1-2-69d5213115111\" class=\"forminator-checkbox\" title=\"Transferencias\"><input type=\"checkbox\" name=\"checkbox-1[]\" value=\"Transfers\" id=\"forminator-field-checkbox-1-2-69d5213115111\" aria-labelledby=\"forminator-field-checkbox-1-2-69d5213115111-label\" data-calculation=\"0\"   aria-describedby=\"forminator-field-checkbox-1-69d5213115111-description\"\/><span class=\"forminator-checkbox-box\" aria-hidden=\"true\"><\/span><span class=\"forminator-checkbox-label\">Transferencias<\/span><\/label><label id=\"forminator-field-checkbox-1-3-69d5213115111-label\" for=\"forminator-field-checkbox-1-3-69d5213115111\" class=\"forminator-checkbox\" title=\"Cotizaciones\"><input type=\"checkbox\" name=\"checkbox-1[]\" value=\"Quotation\" id=\"forminator-field-checkbox-1-3-69d5213115111\" aria-labelledby=\"forminator-field-checkbox-1-3-69d5213115111-label\" data-calculation=\"0\"   aria-describedby=\"forminator-field-checkbox-1-69d5213115111-description\"\/><span class=\"forminator-checkbox-box\" aria-hidden=\"true\"><\/span><span class=\"forminator-checkbox-label\">Cotizaciones<\/span><\/label><label id=\"forminator-field-checkbox-1-4-69d5213115111-label\" for=\"forminator-field-checkbox-1-4-69d5213115111\" class=\"forminator-checkbox\" title=\"Quejas\"><input type=\"checkbox\" name=\"checkbox-1[]\" value=\"Complaints\" id=\"forminator-field-checkbox-1-4-69d5213115111\" aria-labelledby=\"forminator-field-checkbox-1-4-69d5213115111-label\" data-calculation=\"0\"   aria-describedby=\"forminator-field-checkbox-1-69d5213115111-description\"\/><span class=\"forminator-checkbox-box\" aria-hidden=\"true\"><\/span><span class=\"forminator-checkbox-label\">Quejas<\/span><\/label><label id=\"forminator-field-checkbox-1-5-69d5213115111-label\" for=\"forminator-field-checkbox-1-5-69d5213115111\" class=\"forminator-checkbox\" title=\"Apelaciones\"><input type=\"checkbox\" name=\"checkbox-1[]\" value=\"Appeals\" id=\"forminator-field-checkbox-1-5-69d5213115111\" aria-labelledby=\"forminator-field-checkbox-1-5-69d5213115111-label\" data-calculation=\"0\"   aria-describedby=\"forminator-field-checkbox-1-69d5213115111-description\"\/><span class=\"forminator-checkbox-box\" aria-hidden=\"true\"><\/span><span class=\"forminator-checkbox-label\">Apelaciones<\/span><\/label><label id=\"forminator-field-checkbox-1-6-69d5213115111-label\" for=\"forminator-field-checkbox-1-6-69d5213115111\" class=\"forminator-checkbox\" title=\"Capacitaci\u00f3n\"><input type=\"checkbox\" name=\"checkbox-1[]\" value=\"Training\" id=\"forminator-field-checkbox-1-6-69d5213115111\" aria-labelledby=\"forminator-field-checkbox-1-6-69d5213115111-label\" data-calculation=\"0\"   aria-describedby=\"forminator-field-checkbox-1-69d5213115111-description\"\/><span class=\"forminator-checkbox-box\" aria-hidden=\"true\"><\/span><span class=\"forminator-checkbox-label\">Capacitaci\u00f3n<\/span><\/label><\/div><\/div><\/div><input type=\"hidden\" name=\"referer_url\" value=\"\" \/><div class=\"forminator-row forminator-row-last\"><div class=\"forminator-col\"><div class=\"forminator-field\"><button class=\"forminator-button forminator-button-submit\">Enviar<\/button><\/div><\/div><\/div><input type=\"hidden\" id=\"forminator_nonce\" name=\"forminator_nonce\" value=\"75218d6257\" \/><input type=\"hidden\" name=\"_wp_http_referer\" value=\"\/es\/wp-json\/wp\/v2\/pages\/157\" \/><input type=\"hidden\" name=\"form_id\" value=\"1240\"><input type=\"hidden\" name=\"page_id\" value=\"157\"><input type=\"hidden\" name=\"form_type\" value=\"default\"><input type=\"hidden\" name=\"current_url\" value=\"http:\/\/www.cmaquality.com\/es\/contact-us\/\"><input type=\"hidden\" name=\"render_id\" value=\"0\"><input type=\"hidden\" name=\"action\" value=\"forminator_submit_form_custom-forms\"><input type=\"hidden\" name=\"trp-form-language\" value=\"es\"\/><\/form><\/div>\n\t\t\t\t<\/div>\n\t\t\t\t<\/div>\n\t\t\t\t\t<\/div>\n\t\t<\/div>\n\t\t\t\t\t\t\t<\/div>\n\t\t<\/section>\n\t\t\t\t\t\t\t<\/div>","protected":false},"excerpt":{"rendered":"<p>Please feel free to contact us Email:\u00a0contactCMA@cmaquality.com Phones: 1-800-843-3909 +1-647-476-4433 Fax: +1-647-797-3639 i.\u00a0\u00a0\u00a0\u00a0\u00a0\u00a0For an Appeal of a\u00a0 CMA auditor decision, please forward your information to contactCMA@cmaquality.com ii.\u00a0\u00a0\u00a0\u00a0\u00a0\u00a0For any complaints in reference to audits, auditors and CMA processes, please direct your queries to contactCMA@cmaquality.com iii.\u00a0\u00a0\u00a0\u00a0\u00a0\u00a0For information regarding trainings, please direct your queries to training@cmaquality.com iv.\u00a0\u00a0\u00a0\u00a0\u00a0\u00a0For information [&hellip;]<\/p>","protected":false},"author":1,"featured_media":0,"parent":0,"menu_order":0,"comment_status":"closed","ping_status":"closed","template":"","meta":{"footnotes":""},"class_list":["post-157","page","type-page","status-publish","hentry","entry"],"_links":{"self":[{"href":"http:\/\/www.cmaquality.com\/es\/wp-json\/wp\/v2\/pages\/157","targetHints":{"allow":["GET"]}}],"collection":[{"href":"http:\/\/www.cmaquality.com\/es\/wp-json\/wp\/v2\/pages"}],"about":[{"href":"http:\/\/www.cmaquality.com\/es\/wp-json\/wp\/v2\/types\/page"}],"author":[{"embeddable":true,"href":"http:\/\/www.cmaquality.com\/es\/wp-json\/wp\/v2\/users\/1"}],"replies":[{"embeddable":true,"href":"http:\/\/www.cmaquality.com\/es\/wp-json\/wp\/v2\/comments?post=157"}],"version-history":[{"count":42,"href":"http:\/\/www.cmaquality.com\/es\/wp-json\/wp\/v2\/pages\/157\/revisions"}],"predecessor-version":[{"id":1400,"href":"http:\/\/www.cmaquality.com\/es\/wp-json\/wp\/v2\/pages\/157\/revisions\/1400"}],"wp:attachment":[{"href":"http:\/\/www.cmaquality.com\/es\/wp-json\/wp\/v2\/media?parent=157"}],"curies":[{"name":"wp","href":"https:\/\/api.w.org\/{rel}","templated":true}]}}