{"id":102,"date":"2016-05-25T17:44:48","date_gmt":"2016-05-25T17:44:48","guid":{"rendered":"http:\/\/cmaquality.com\/OCT-18\/new\/?page_id=102"},"modified":"2024-01-09T20:29:20","modified_gmt":"2024-01-09T20:29:20","slug":"certification","status":"publish","type":"page","link":"http:\/\/www.cmaquality.com\/es\/certification\/","title":{"rendered":"Informaci\u00f3n de certificaci\u00f3n"},"content":{"rendered":"<div data-elementor-type=\"wp-page\" data-elementor-id=\"102\" class=\"elementor elementor-102\">\n\t\t\t\t\t\t\t\t\t<section class=\"elementor-section elementor-top-section elementor-element elementor-element-1300c346 elementor-section-boxed elementor-section-height-default elementor-section-height-default\" data-id=\"1300c346\" data-element_type=\"section\">\n\t\t\t\t\t\t<div class=\"elementor-container elementor-column-gap-default\">\n\t\t\t\t\t<div class=\"elementor-column elementor-col-100 elementor-top-column elementor-element elementor-element-6dc31bbf elementor-invisible\" data-id=\"6dc31bbf\" data-element_type=\"column\" data-settings=\"{&quot;animation&quot;:&quot;fadeInRight&quot;}\">\n\t\t\t<div class=\"elementor-widget-wrap elementor-element-populated\">\n\t\t\t\t\t\t\t\t<div class=\"elementor-element elementor-element-51f0c88 elementor-widget elementor-widget-heading\" data-id=\"51f0c88\" data-element_type=\"widget\" data-widget_type=\"heading.default\">\n\t\t\t\t<div class=\"elementor-widget-container\">\n\t\t\t<style>\/*! elementor - v3.15.0 - 20-08-2023 *\/\n.elementor-heading-title{padding:0;margin:0;line-height:1}.elementor-widget-heading .elementor-heading-title[class*=elementor-size-]>a{color:inherit;font-size:inherit;line-height:inherit}.elementor-widget-heading .elementor-heading-title.elementor-size-small{font-size:15px}.elementor-widget-heading .elementor-heading-title.elementor-size-medium{font-size:19px}.elementor-widget-heading .elementor-heading-title.elementor-size-large{font-size:29px}.elementor-widget-heading .elementor-heading-title.elementor-size-xl{font-size:39px}.elementor-widget-heading .elementor-heading-title.elementor-size-xxl{font-size:59px}<\/style><h1 class=\"elementor-heading-title elementor-size-default\">Informaci\u00f3n de certificaci\u00f3n<\/h1>\t\t<\/div>\n\t\t\t\t<\/div>\n\t\t\t\t<div class=\"elementor-element elementor-element-b58f9c1 elementor-widget elementor-widget-text-editor\" data-id=\"b58f9c1\" data-element_type=\"widget\" data-widget_type=\"text-editor.default\">\n\t\t\t\t<div class=\"elementor-widget-container\">\n\t\t\t<style>\/*! elementor - v3.15.0 - 20-08-2023 *\/\n.elementor-widget-text-editor.elementor-drop-cap-view-stacked .elementor-drop-cap{background-color:#69727d;color:#fff}.elementor-widget-text-editor.elementor-drop-cap-view-framed .elementor-drop-cap{color:#69727d;border:3px solid;background-color:transparent}.elementor-widget-text-editor:not(.elementor-drop-cap-view-default) .elementor-drop-cap{margin-top:8px}.elementor-widget-text-editor:not(.elementor-drop-cap-view-default) .elementor-drop-cap-letter{width:1em;height:1em}.elementor-widget-text-editor .elementor-drop-cap{float:left;text-align:center;line-height:1;font-size:50px}.elementor-widget-text-editor .elementor-drop-cap-letter{display:inline-block}<\/style>\t\t\t\t<p>Nuestros servicios de certificaci\u00f3n le permiten operar de una manera m\u00e1s sostenible al mejorar la calidad y la productividad, reducir el riesgo, verificar el cumplimiento y aumentar la velocidad de comercializaci\u00f3n.<\/p><p><strong>Todos los clientes que firman un acuerdo de contrato de certificaci\u00f3n con CMA Quality International tambi\u00e9n aceptan cumplir con los siguientes tres procedimientos, <\/strong><strong>Acuerdo de Certificaci\u00f3n QP-01,  T\u00e9rminos y Condiciones Generales QP-02 y   Uso del Logo QP-03.<\/strong><\/p><p>Siga los enlaces a continuaci\u00f3n en los n\u00fameros 1, 2 y 3 para ver los detalles de la certificaci\u00f3n.<\/p><ul><li><span style=\"text-decoration: underline;\"><a style=\"text-decoration: underline;\" href=\"http:\/\/cmaquality.com\/wp-content\/uploads\/2016\/05\/QP-01-R4.pdf\" target=\"_blank\" rel=\"noopener\">QP-01 Acuerdo de Certificaci\u00f3n-R4<\/a><a style=\"text-decoration: underline;\" href=\"http:\/\/cmaquality.com\/wp-content\/uploads\/2016\/05\/QP-02-GENERAL-TERMS-AND-CONDITIONS.pdf\" target=\"_blank\" rel=\"noopener\"><br \/><\/a><\/span><\/li><li><span style=\"text-decoration: underline;\"><a style=\"text-decoration: underline;\" href=\"http:\/\/cmaquality.com\/wp-content\/uploads\/2016\/05\/QP-02-GENERAL-TERMS-AND-CONDITIONS.pdf\" target=\"_blank\" rel=\"noopener\"> QP-02 T\u00e9rminos y condiciones generales<br \/><\/a><\/span><\/li><li><a href=\"http:\/\/www.cmaquality.com\/wp-content\/uploads\/2024\/01\/QP-03-R2-Use-of-Logo.pdf\"><span style=\"text-decoration: underline;\">QP-03-R2<\/span><span style=\"text-decoration: underline;\"> Use of logo<\/span><\/a><\/li><\/ul><p>Nuestro equipo global de auditores experimentados est\u00e1 comprometido a ayudar a los clientes <u>a mejorar el rendimiento<\/u> y <u>mejorar la sostenibilidad<\/u> a trav\u00e9s de sistemas de calidad.<\/p>\t\t\t\t\t\t<\/div>\n\t\t\t\t<\/div>\n\t\t\t\t\t<\/div>\n\t\t<\/div>\n\t\t\t\t\t\t\t<\/div>\n\t\t<\/section>\n\t\t\t\t<section class=\"elementor-section elementor-top-section elementor-element elementor-element-14de2ce elementor-section-boxed elementor-section-height-default elementor-section-height-default\" data-id=\"14de2ce\" data-element_type=\"section\">\n\t\t\t\t\t\t<div class=\"elementor-container elementor-column-gap-default\">\n\t\t\t\t\t<div class=\"elementor-column elementor-col-100 elementor-top-column elementor-element elementor-element-b472752 elementor-invisible\" data-id=\"b472752\" data-element_type=\"column\" data-settings=\"{&quot;animation&quot;:&quot;fadeIn&quot;,&quot;animation_delay&quot;:500}\">\n\t\t\t<div class=\"elementor-widget-wrap elementor-element-populated\">\n\t\t\t\t\t\t\t\t<div class=\"elementor-element elementor-element-a327ceb elementor-widget elementor-widget-text-editor\" data-id=\"a327ceb\" data-element_type=\"widget\" data-widget_type=\"text-editor.default\">\n\t\t\t\t<div class=\"elementor-widget-container\">\n\t\t\t\t\t\t\t<blockquote><p><strong><span style=\"color: #003366;\">\u201cCMA proporciona auditores locales para la familia de est\u00e1ndares AS9100 e ISO 9001. CMA Quality International se beneficia de tener auditores de habla francesa en Quebec y auditores de habla hispana para las auditor\u00edas mexicanas\u201d<\/span><\/strong><\/p><\/blockquote>\t\t\t\t\t\t<\/div>\n\t\t\t\t<\/div>\n\t\t\t\t\t<\/div>\n\t\t<\/div>\n\t\t\t\t\t\t\t<\/div>\n\t\t<\/section>\n\t\t\t\t<section class=\"elementor-section elementor-top-section elementor-element elementor-element-9f0af9e elementor-section-boxed elementor-section-height-default elementor-section-height-default\" data-id=\"9f0af9e\" data-element_type=\"section\">\n\t\t\t\t\t\t<div class=\"elementor-container elementor-column-gap-default\">\n\t\t\t\t\t<div class=\"elementor-column elementor-col-100 elementor-top-column elementor-element elementor-element-7e4c725 elementor-invisible\" data-id=\"7e4c725\" data-element_type=\"column\" data-settings=\"{&quot;animation&quot;:&quot;fadeInRight&quot;,&quot;animation_delay&quot;:600}\">\n\t\t\t<div class=\"elementor-widget-wrap elementor-element-populated\">\n\t\t\t\t\t\t\t\t<div class=\"elementor-element elementor-element-36cb6c2 elementor-widget elementor-widget-text-editor\" data-id=\"36cb6c2\" data-element_type=\"widget\" data-widget_type=\"text-editor.default\">\n\t\t\t\t<div class=\"elementor-widget-container\">\n\t\t\t\t\t\t\t<p>Hacemos m\u00e1s que emitir certificados. Para lograr el \u00e9xito, su organizaci\u00f3n debe obtener su certificaci\u00f3n de la manera m\u00e1s eficiente. Mientras se prepara para la certificaci\u00f3n inicial, nos aseguraremos de que su empresa tenga una visi\u00f3n completa de los requisitos, recursos, tiempo asignado y dificultades comunes que otros han enfrentado y superado.<\/p>\nVea <a style=\"font-size: 15px;\" href=\"http:\/\/cmaquality.com\/wp-content\/uploads\/2016\/05\/Safeguarding-Impartiality_2-1.jpg\">Salvaguardar la imparcialidad<\/a> <br><br>\n<p>Durante el proceso de certificaci\u00f3n, nuestros auditores y expertos profesionales trabajar\u00e1n con usted para <span style=\"text-decoration: underline;\">garantizar una comprensi\u00f3n adecuada de la metodolog\u00eda de auditor\u00eda<\/span>, ayudando a prevenir la p\u00e9rdida de producci\u00f3n o eficiencia.<\/p>\nEl proceso de auditor\u00eda es el siguiente diagrama.\u00a0\u00a0<a href=\"http:\/\/www.cmaquality.com\/wp-content\/uploads\/2020\/01\/KP7-R2-Audit-Performance-Process.pdf\" target=\"_blank\" rel=\"noopener\">proceso KP#7<\/a>\n\nEl Proceso de Certificaci\u00f3n incluye otorgar, rechazar, mantener, renovar, suspender, restaurar o retirar la certificaci\u00f3n, o ampliar o reducir el alcance de la certificaci\u00f3n.\u00a0<a href=\"http:\/\/www.cmaquality.com\/wp-content\/uploads\/2020\/01\/KP-8.1-Certification-Pr.-ISO-17021-2015.pdf\" target=\"_blank\" rel=\"noopener\">Proceso de certificaci\u00f3n KP# 8.1<\/a> <br><br>\n<p>Mientras su organizaci\u00f3n mantenga su certificaci\u00f3n (Resultados Esperados), nuestro apoyo y experiencia en el sector redundar\u00e1 en la capacidad de su empresa para establecer las mejores pr\u00e1cticas para la mejora continua. <a href=\"http:\/\/www.cmaquality.com\/es\/expected-outcomes\/\" rel=\"noopener\">Resultado esperado de la certificaci\u00f3n.<\/a>\t\t\t\t\t\t<\/div>\n\t\t\t\t<\/div>\n\t\t\t\t\t<\/div>\n\t\t<\/div>\n\t\t\t\t\t\t\t<\/div>\n\t\t<\/section>\n\t\t\t\t<section class=\"elementor-section elementor-top-section elementor-element elementor-element-9867cae elementor-section-boxed elementor-section-height-default elementor-section-height-default\" data-id=\"9867cae\" data-element_type=\"section\">\n\t\t\t\t\t\t<div class=\"elementor-container elementor-column-gap-default\">\n\t\t\t\t\t<div class=\"elementor-column elementor-col-100 elementor-top-column elementor-element elementor-element-b326ac8 elementor-invisible\" data-id=\"b326ac8\" data-element_type=\"column\" data-settings=\"{&quot;animation&quot;:&quot;fadeInRight&quot;,&quot;animation_delay&quot;:0}\">\n\t\t\t<div class=\"elementor-widget-wrap elementor-element-populated\">\n\t\t\t\t\t\t\t\t<div class=\"elementor-element elementor-element-64f6844 elementor-widget elementor-widget-text-editor\" data-id=\"64f6844\" data-element_type=\"widget\" data-widget_type=\"text-editor.default\">\n\t\t\t\t<div class=\"elementor-widget-container\">\n\t\t\t\t\t\t\t<p><strong>Valoramos:<\/strong><\/p>\n\n<ul>\n \t<li><strong>creatividad, <\/strong><\/li>\n \t<li><strong>compromiso, y <\/strong><\/li>\n \t<li><strong>construir relaciones de confianza con los clientes. <\/strong><\/li>\n<\/ul>\n<p><strong>Nos esforzamos por crear un ambiente de trabajo productivo; Promovemos una cultura de enfoque y satisfacci\u00f3n del cliente. A trav\u00e9s de nuestro conocimiento, experiencia y pericia en la industria, agregamos valor a los procesos de nuestros clientes, ayud\u00e1ndolos a mejorar su ventaja competitiva en el mercado.<\/strong><\/p>\n<strong>ESTO IMPULSA TODO LO QUE HACEMOS.<\/strong> <br><br>\n<p><strong>Nuestro objetivo es desarrollar soluciones innovadoras que faciliten el \u00e9xito de nuestros clientes en el mercado global y, lo m\u00e1s importante, construyan la confianza del consumidor en sus productos y servicios.<\/strong><\/p>\n<p><a style=\"font-size: 15px;\" href=\"http:\/\/www.cmaquality.com\/es\/mission-policy\/\">Enlace a Pol\u00edticas<\/a><\/p>\n<p>CMA proporcionar\u00e1 informaci\u00f3n sobre el estado de certificaci\u00f3n del cliente a pedido. Favor de\u00a0<a style=\"font-size: 15px;\" href=\"http:\/\/www.cmaquality.com\/es\/contact-us\/\">cont\u00e1ctenos<\/a>\u00a0con tu consulta.<\/p>\t\t\t\t\t\t<\/div>\n\t\t\t\t<\/div>\n\t\t\t\t\t<\/div>\n\t\t<\/div>\n\t\t\t\t\t\t\t<\/div>\n\t\t<\/section>\n\t\t\t\t\t\t\t<\/div>","protected":false},"excerpt":{"rendered":"<p>Certification Information Our certification services enable you to operate in a more sustainable manner by improving quality and productivity, reducing risk, verifying compliance and increasing speed to market. All customers signing a certification contract agreement with CMA Quality International also agrees to be compliant with the following three procedures, Certification Agreement QP-01, \u00a0General Terms and [&hellip;]<\/p>","protected":false},"author":1,"featured_media":0,"parent":0,"menu_order":0,"comment_status":"closed","ping_status":"closed","template":"","meta":{"footnotes":""},"class_list":["post-102","page","type-page","status-publish","hentry","entry"],"_links":{"self":[{"href":"http:\/\/www.cmaquality.com\/es\/wp-json\/wp\/v2\/pages\/102","targetHints":{"allow":["GET"]}}],"collection":[{"href":"http:\/\/www.cmaquality.com\/es\/wp-json\/wp\/v2\/pages"}],"about":[{"href":"http:\/\/www.cmaquality.com\/es\/wp-json\/wp\/v2\/types\/page"}],"author":[{"embeddable":true,"href":"http:\/\/www.cmaquality.com\/es\/wp-json\/wp\/v2\/users\/1"}],"replies":[{"embeddable":true,"href":"http:\/\/www.cmaquality.com\/es\/wp-json\/wp\/v2\/comments?post=102"}],"version-history":[{"count":32,"href":"http:\/\/www.cmaquality.com\/es\/wp-json\/wp\/v2\/pages\/102\/revisions"}],"predecessor-version":[{"id":1392,"href":"http:\/\/www.cmaquality.com\/es\/wp-json\/wp\/v2\/pages\/102\/revisions\/1392"}],"wp:attachment":[{"href":"http:\/\/www.cmaquality.com\/es\/wp-json\/wp\/v2\/media?parent=102"}],"curies":[{"name":"wp","href":"https:\/\/api.w.org\/{rel}","templated":true}]}}